{"id":4793,"date":"2024-01-21T14:28:21","date_gmt":"2024-01-21T14:28:21","guid":{"rendered":"https:\/\/muziek-karine.be\/product\/excelsior-496\/"},"modified":"2024-01-21T14:28:21","modified_gmt":"2024-01-21T14:28:21","slug":"excelsior-496","status":"publish","type":"product","link":"https:\/\/muziek-karine.be\/fr\/produit\/excelsior-496\/","title":{"rendered":"Excelsior 496"},"content":{"rendered":"<p>Gr\u00e2ce \u00e0 ses 34 touches \u00e0 droite, c&rsquo;est un instrument tr\u00e8s compact. Il y a n\u00e9anmoins 96 basses sur la gauche, ce qui est suffisant pour la plupart des musiciens.<\/p>\n<p>Il s&rsquo;agit du \u00ab premier \u00bb mod\u00e8le de la s\u00e9rie des Excelsiors \u00e0 4 voix avec une bo\u00eete de r\u00e9sonance. Le poids d\u00e9passe \u00e0 peine les 10 kg.<\/p>\n","protected":false},"excerpt":{"rendered":"<p>Gr\u00e2ce \u00e0 ses 34 touches \u00e0 droite, c&rsquo;est un instrument tr\u00e8s compact. Il y a n\u00e9anmoins 96 basses sur la gauche, ce qui est suffisant pour la plupart des musiciens. Il s&rsquo;agit du \u00ab premier \u00bb mod\u00e8le de la s\u00e9rie des Excelsiors \u00e0 4 voix avec une bo\u00eete de r\u00e9sonance. Le poids d\u00e9passe \u00e0 peine [&hellip;]<\/p>\n","protected":false},"featured_media":4485,"comment_status":"open","ping_status":"closed","template":"","meta":[],"product_brand":[],"product_cat":[84],"product_tag":[],"merken":[124],"class_list":{"0":"post-4793","1":"product","2":"type-product","3":"status-publish","4":"has-post-thumbnail","6":"product_cat-accordeons-fr","7":"merken-excelsior-fr","9":"first","10":"instock","11":"taxable","12":"shipping-taxable","13":"product-type-simple"},"_links":{"self":[{"href":"https:\/\/muziek-karine.be\/fr\/wp-json\/wp\/v2\/product\/4793","targetHints":{"allow":["GET"]}}],"collection":[{"href":"https:\/\/muziek-karine.be\/fr\/wp-json\/wp\/v2\/product"}],"about":[{"href":"https:\/\/muziek-karine.be\/fr\/wp-json\/wp\/v2\/types\/product"}],"replies":[{"embeddable":true,"href":"https:\/\/muziek-karine.be\/fr\/wp-json\/wp\/v2\/comments?post=4793"}],"wp:featuredmedia":[{"embeddable":true,"href":"https:\/\/muziek-karine.be\/fr\/wp-json\/wp\/v2\/media\/4485"}],"wp:attachment":[{"href":"https:\/\/muziek-karine.be\/fr\/wp-json\/wp\/v2\/media?parent=4793"}],"wp:term":[{"taxonomy":"product_brand","embeddable":true,"href":"https:\/\/muziek-karine.be\/fr\/wp-json\/wp\/v2\/product_brand?post=4793"},{"taxonomy":"product_cat","embeddable":true,"href":"https:\/\/muziek-karine.be\/fr\/wp-json\/wp\/v2\/product_cat?post=4793"},{"taxonomy":"product_tag","embeddable":true,"href":"https:\/\/muziek-karine.be\/fr\/wp-json\/wp\/v2\/product_tag?post=4793"},{"taxonomy":"merken","embeddable":true,"href":"https:\/\/muziek-karine.be\/fr\/wp-json\/wp\/v2\/merken?post=4793"}],"curies":[{"name":"wp","href":"https:\/\/api.w.org\/{rel}","templated":true}]}}