{"id":4802,"date":"2024-01-06T09:30:55","date_gmt":"2024-01-06T09:30:55","guid":{"rendered":"https:\/\/muziek-karine.be\/product\/flintoline-polissage-de-lor-et-de-largent\/"},"modified":"2024-01-06T09:30:55","modified_gmt":"2024-01-06T09:30:55","slug":"flintoline-polissage-de-lor-et-de-largent","status":"publish","type":"product","link":"https:\/\/muziek-karine.be\/fr\/produit\/flintoline-polissage-de-lor-et-de-largent\/","title":{"rendered":"Flintoline: polissage de l&rsquo;or et de l&rsquo;argent"},"content":{"rendered":"<p>Le poli le plus raffin\u00e9 pour l\u2019or et l\u2019argent.<\/p>\n<p>Flintoline convient particuli\u00e8rement aux objets en or et en argent lisses, martel\u00e9s et gaufr\u00e9s.<\/p>\n<p>Utilisez toujours des chiffons doux lav\u00e9s et des quantit\u00e9s de produit minimes.<\/p>\n<p>Convient pour polir les instruments \u00e0 vent en m\u00e9tal.<\/p>\n","protected":false},"excerpt":{"rendered":"<p>Le poli le plus raffin\u00e9 pour l\u2019or et l\u2019argent. Flintoline convient particuli\u00e8rement aux objets en or et en argent lisses, martel\u00e9s et gaufr\u00e9s. Utilisez toujours des chiffons doux lav\u00e9s et des quantit\u00e9s de produit minimes. Convient pour polir les instruments \u00e0 vent en m\u00e9tal.<\/p>\n","protected":false},"featured_media":4469,"comment_status":"open","ping_status":"closed","template":"","meta":[],"product_brand":[],"product_cat":[102],"product_tag":[],"merken":[],"class_list":{"0":"post-4802","1":"product","2":"type-product","3":"status-publish","4":"has-post-thumbnail","6":"product_cat-instruments-a-vent","8":"first","9":"instock","10":"taxable","11":"shipping-taxable","12":"purchasable","13":"product-type-simple"},"_links":{"self":[{"href":"https:\/\/muziek-karine.be\/fr\/wp-json\/wp\/v2\/product\/4802","targetHints":{"allow":["GET"]}}],"collection":[{"href":"https:\/\/muziek-karine.be\/fr\/wp-json\/wp\/v2\/product"}],"about":[{"href":"https:\/\/muziek-karine.be\/fr\/wp-json\/wp\/v2\/types\/product"}],"replies":[{"embeddable":true,"href":"https:\/\/muziek-karine.be\/fr\/wp-json\/wp\/v2\/comments?post=4802"}],"wp:featuredmedia":[{"embeddable":true,"href":"https:\/\/muziek-karine.be\/fr\/wp-json\/wp\/v2\/media\/4469"}],"wp:attachment":[{"href":"https:\/\/muziek-karine.be\/fr\/wp-json\/wp\/v2\/media?parent=4802"}],"wp:term":[{"taxonomy":"product_brand","embeddable":true,"href":"https:\/\/muziek-karine.be\/fr\/wp-json\/wp\/v2\/product_brand?post=4802"},{"taxonomy":"product_cat","embeddable":true,"href":"https:\/\/muziek-karine.be\/fr\/wp-json\/wp\/v2\/product_cat?post=4802"},{"taxonomy":"product_tag","embeddable":true,"href":"https:\/\/muziek-karine.be\/fr\/wp-json\/wp\/v2\/product_tag?post=4802"},{"taxonomy":"merken","embeddable":true,"href":"https:\/\/muziek-karine.be\/fr\/wp-json\/wp\/v2\/merken?post=4802"}],"curies":[{"name":"wp","href":"https:\/\/api.w.org\/{rel}","templated":true}]}}