{"id":4811,"date":"2023-12-02T14:25:20","date_gmt":"2023-12-02T14:25:20","guid":{"rendered":"https:\/\/muziek-karine.be\/product\/frank-rich-kerst-songboek\/"},"modified":"2023-12-02T14:25:20","modified_gmt":"2023-12-02T14:25:20","slug":"frank-rich-kerst-songboek","status":"publish","type":"product","link":"https:\/\/muziek-karine.be\/fr\/produit\/frank-rich-kerst-songboek\/","title":{"rendered":"Frank Rich &#8211; Kerst Songboek"},"content":{"rendered":"<p>Difficult\u00e9: 2<\/p>\n<p>Les accords de guitare utilis\u00e9s sont indiqu\u00e9s au-dessus de chaque chanson. Peut \u00e9galement \u00eatre utilis\u00e9 pour clavier et accord\u00e9on.<\/p>\n<p>Le texte est \u00e9crit sous les notes.<\/p>\n<p>Contenu:<\/p>\n<ul>\n<li>A Christmas Song Shawn Philips<\/li>\n<li>All I Want For Christmas Is You Mariah Carey<\/li>\n<li>Auld Lang Syne<\/li>\n<li>Baby It&rsquo;s Cold Outside<\/li>\n<li>Bakske Met Stro Urbanus<\/li>\n<li>De Arme Herder Joachim Jules De Corte<\/li>\n<li>De Kerstezel Harrie Jekkers<\/li>\n<li>Eenzame Kerst Andre Hazes<\/li>\n<li>Feliz Navidad Jose Feliciano<\/li>\n<li>Flappie Youp Van &lsquo;t Hek<\/li>\n<li>Frosty The Snowman<\/li>\n<li>Happy New Year Abba<\/li>\n<li>Happy Xmas (War Is Over) John<\/li>\n<li>In Dulce Jubilo<\/li>\n<li>Jolly Old Saint Nicholas<\/li>\n<li>Lonely This Christmas Mud<\/li>\n<li>Merry Christmas Everybody Slade<\/li>\n<li>Oh Little Town Of Bethlehem<\/li>\n<li>Santa Claus Is Back In Town Elvis<\/li>\n<li>Stop The Cavalry Jona Lewie<\/li>\n<li>The Bell That Couldn&rsquo;t Jingle Herb Alpert<\/li>\n<li>Wonderful Christmas Time Paul Mccartney<\/li>\n<li>We Wish You A Merry Christmas<\/li>\n<\/ul>\n","protected":false},"excerpt":{"rendered":"<p>Difficult\u00e9: 2 Les accords de guitare utilis\u00e9s sont indiqu\u00e9s au-dessus de chaque chanson. Peut \u00e9galement \u00eatre utilis\u00e9 pour clavier et accord\u00e9on. Le texte est \u00e9crit sous les notes. Contenu: A Christmas Song Shawn Philips All I Want For Christmas Is You Mariah Carey Auld Lang Syne Baby It&rsquo;s Cold Outside Bakske Met Stro Urbanus De [&hellip;]<\/p>\n","protected":false},"featured_media":4459,"comment_status":"open","ping_status":"closed","template":"","meta":[],"product_brand":[],"product_cat":[87,94,90,91,86],"product_tag":[],"merken":[],"class_list":{"0":"post-4811","1":"product","2":"type-product","3":"status-publish","4":"has-post-thumbnail","6":"product_cat-accordeon-fr","7":"product_cat-chant","8":"product_cat-clavier","9":"product_cat-guitare","10":"product_cat-partitions","12":"first","13":"instock","14":"taxable","15":"shipping-taxable","16":"purchasable","17":"product-type-simple"},"_links":{"self":[{"href":"https:\/\/muziek-karine.be\/fr\/wp-json\/wp\/v2\/product\/4811","targetHints":{"allow":["GET"]}}],"collection":[{"href":"https:\/\/muziek-karine.be\/fr\/wp-json\/wp\/v2\/product"}],"about":[{"href":"https:\/\/muziek-karine.be\/fr\/wp-json\/wp\/v2\/types\/product"}],"replies":[{"embeddable":true,"href":"https:\/\/muziek-karine.be\/fr\/wp-json\/wp\/v2\/comments?post=4811"}],"wp:featuredmedia":[{"embeddable":true,"href":"https:\/\/muziek-karine.be\/fr\/wp-json\/wp\/v2\/media\/4459"}],"wp:attachment":[{"href":"https:\/\/muziek-karine.be\/fr\/wp-json\/wp\/v2\/media?parent=4811"}],"wp:term":[{"taxonomy":"product_brand","embeddable":true,"href":"https:\/\/muziek-karine.be\/fr\/wp-json\/wp\/v2\/product_brand?post=4811"},{"taxonomy":"product_cat","embeddable":true,"href":"https:\/\/muziek-karine.be\/fr\/wp-json\/wp\/v2\/product_cat?post=4811"},{"taxonomy":"product_tag","embeddable":true,"href":"https:\/\/muziek-karine.be\/fr\/wp-json\/wp\/v2\/product_tag?post=4811"},{"taxonomy":"merken","embeddable":true,"href":"https:\/\/muziek-karine.be\/fr\/wp-json\/wp\/v2\/merken?post=4811"}],"curies":[{"name":"wp","href":"https:\/\/api.w.org\/{rel}","templated":true}]}}