{"id":4812,"date":"2023-11-28T15:59:13","date_gmt":"2023-11-28T15:59:13","guid":{"rendered":"https:\/\/muziek-karine.be\/product\/le-guide-de-laccordeoniste-avec-86-enregistrements-audio-mp3\/"},"modified":"2023-11-28T15:59:13","modified_gmt":"2023-11-28T15:59:13","slug":"le-guide-de-laccordeoniste-avec-86-enregistrements-audio-mp3","status":"publish","type":"product","link":"https:\/\/muziek-karine.be\/fr\/produit\/le-guide-de-laccordeoniste-avec-86-enregistrements-audio-mp3\/","title":{"rendered":"Le guide de l&rsquo;accord\u00e9oniste &#8211; avec 86 enregistrements audio MP3"},"content":{"rendered":"<p>Ouvrage de r\u00e9f\u00e9rence extr\u00eamement int\u00e9ressant qui peut \u00eatre utilis\u00e9 aussi bien pour l&rsquo;accord\u00e9oniste d\u00e9butant que pour l&rsquo;accord\u00e9oniste chevronn\u00e9.<\/p>\n<p>On retrouve entre autres la progression des claviers, do 1, do 2 et do 3, ainsi que des basses internationales et des basses belges.<\/p>\n<p>Il y a une section int\u00e9ressante o\u00f9 les accords sont d\u00e9crits comme des \u00ab positions \u00bb pour la main droite, comme on le voit avec la guitare par exemple. (aussi pour do 1, do 2, do 3 en clavier!)<\/p>\n<p>Il existe \u00e9galement une section dans laquelle tous les accords plus complexes sont expliqu\u00e9s comme une combinaison de deux accords existants dans la main gauche.<\/p>\n<p>Voir, c&rsquo;est acheter dans ce cas !<\/p>\n<p>&nbsp;<\/p>\n","protected":false},"excerpt":{"rendered":"<p>Ouvrage de r\u00e9f\u00e9rence extr\u00eamement int\u00e9ressant qui peut \u00eatre utilis\u00e9 aussi bien pour l&rsquo;accord\u00e9oniste d\u00e9butant que pour l&rsquo;accord\u00e9oniste chevronn\u00e9. On retrouve entre autres la progression des claviers, do 1, do 2 et do 3, ainsi que des basses internationales et des basses belges. Il y a une section int\u00e9ressante o\u00f9 les accords sont d\u00e9crits comme des [&hellip;]<\/p>\n","protected":false},"featured_media":4457,"comment_status":"open","ping_status":"closed","template":"","meta":[],"product_brand":[],"product_cat":[87,86],"product_tag":[],"merken":[],"class_list":{"0":"post-4812","1":"product","2":"type-product","3":"status-publish","4":"has-post-thumbnail","6":"product_cat-accordeon-fr","7":"product_cat-partitions","9":"first","10":"instock","11":"taxable","12":"shipping-taxable","13":"purchasable","14":"product-type-simple"},"_links":{"self":[{"href":"https:\/\/muziek-karine.be\/fr\/wp-json\/wp\/v2\/product\/4812","targetHints":{"allow":["GET"]}}],"collection":[{"href":"https:\/\/muziek-karine.be\/fr\/wp-json\/wp\/v2\/product"}],"about":[{"href":"https:\/\/muziek-karine.be\/fr\/wp-json\/wp\/v2\/types\/product"}],"replies":[{"embeddable":true,"href":"https:\/\/muziek-karine.be\/fr\/wp-json\/wp\/v2\/comments?post=4812"}],"wp:featuredmedia":[{"embeddable":true,"href":"https:\/\/muziek-karine.be\/fr\/wp-json\/wp\/v2\/media\/4457"}],"wp:attachment":[{"href":"https:\/\/muziek-karine.be\/fr\/wp-json\/wp\/v2\/media?parent=4812"}],"wp:term":[{"taxonomy":"product_brand","embeddable":true,"href":"https:\/\/muziek-karine.be\/fr\/wp-json\/wp\/v2\/product_brand?post=4812"},{"taxonomy":"product_cat","embeddable":true,"href":"https:\/\/muziek-karine.be\/fr\/wp-json\/wp\/v2\/product_cat?post=4812"},{"taxonomy":"product_tag","embeddable":true,"href":"https:\/\/muziek-karine.be\/fr\/wp-json\/wp\/v2\/product_tag?post=4812"},{"taxonomy":"merken","embeddable":true,"href":"https:\/\/muziek-karine.be\/fr\/wp-json\/wp\/v2\/merken?post=4812"}],"curies":[{"name":"wp","href":"https:\/\/api.w.org\/{rel}","templated":true}]}}