{"id":4814,"date":"2023-12-02T14:30:24","date_gmt":"2023-12-02T14:30:24","guid":{"rendered":"https:\/\/muziek-karine.be\/product\/frank-rich-dromen-van-een-witte-kerst\/"},"modified":"2023-12-02T14:30:24","modified_gmt":"2023-12-02T14:30:24","slug":"frank-rich-dromen-van-een-witte-kerst","status":"publish","type":"product","link":"https:\/\/muziek-karine.be\/fr\/produit\/frank-rich-dromen-van-een-witte-kerst\/","title":{"rendered":"Frank Rich &#8211; Dromen van een witte kerst"},"content":{"rendered":"<p>Difficult\u00e9: 2<\/p>\n<p>\u00c0 l&rsquo;avant se trouve une feuille avec les positions d&rsquo;accords pour guitare, les positions d&rsquo;accords pour clavier et \u00e9galement les positions pour fl\u00fbte \u00e0 bec.<\/p>\n<p>Les accord\u00e9onistes s&rsquo;y retrouvent \u00e9galement.<\/p>\n<p><strong>Contenu<\/strong>:<\/p>\n<p>Aber Heidschi Bumbeidschi<br \/>\nAdeste Fidelis<br \/>\nAlle Jahre Wieder<br \/>\nAmazing Grace<br \/>\nAngels In The Realms of Glory<br \/>\nAve Maria<br \/>\nAway In A Manger<br \/>\nAway in A Manger (2nd version)<br \/>\nBendornati fijoletti<br \/>\nBlue Christmas<br \/>\nCan\u00e7ao do natal<br \/>\nChristmas Is Coming<br \/>\nChristmas Song (Chestnuts Roasting On An Open Fire<br \/>\nChristmas Was A Friend Of Mine<br \/>\nDaar Ruist Langs De Wolken<br \/>\nDe Herdertjes Lagen Bij Nachte<br \/>\nDeck The Halls<br \/>\nDochter Sions<br \/>\nDouce Nuit, Sainte Nuit<br \/>\nEr Is Een Kindeke Geboren<br \/>\nEr Is Een Roos Ontsprongen<br \/>\nEre Zij God<br \/>\nEs Ist Ein Ros Entsprungen<br \/>\nEs Wird Schon Gleich Dumper<br \/>\nFirst Nowell (The)<br \/>\nGloria In Excelsis Deo<br \/>\nGo Tell It On The Mountain<br \/>\nGod Rest You Merry Gentlemen<br \/>\nGood King Wenceslas<br \/>\nHappy Xmas (War Is Over)<br \/>\nHark The Herald Angels Sing<br \/>\nHave Yourself A Merry Little Christmas<br \/>\nHerders Hij Is Geboren\u2026<br \/>\nHe\u2019s Got The Whole World In His Hands<br \/>\nHoe Leit Dit Kindeke<br \/>\nIl Est N\u00e9 Le Divin Enfant<br \/>\nI\u2019ll Be Home For Christmas<br \/>\nIn Een Koude Winternacht<br \/>\nIt\u2019s Gonna Be A Cold, Cold Christmas\u2026<br \/>\nJingle Bells<br \/>\nJolly old Saint Nicholas<br \/>\nJoy To The World<br \/>\nJungfru Maria till Betlehem gick<br \/>\nKling Gl\u00f6ckchen<br \/>\nKomt Allen Tesamen<br \/>\nKumbaya<br \/>\nLeise Rieselt der Schnee<br \/>\nLes Anges Dans Nos Campagnes<br \/>\nLet It Snow!<br \/>\nLittle Drummer Boy<br \/>\nLuid Klokje Klingeling<br \/>\nMaria Die Zoude Naar Bethlehem Gaan<br \/>\nMary Had A Baby<br \/>\nMary\u2019s Boy Child<br \/>\nMinuit Chr\u00e9tien<br \/>\nMon Beau Sapin<br \/>\nNatal<br \/>\nNoel proven\u00e7al<br \/>\nNu Zijt Wellekome<br \/>\nO Du Fr\u00f6hliche<br \/>\nO Tannenbaum<br \/>\nOh Christmas Tree<br \/>\nOh Come All Ye Faithfull<br \/>\nOh Denneboom<br \/>\nOh Holy Night<br \/>\nOh Little Town Of Bethlehem<br \/>\nOnce in Royal David\u2019s City<br \/>\nRien Qu\u2019une Humble Etate<br \/>\nRudolph The Red-Nosed Reindeer<br \/>\nSanta Claus Is Coming To Town<br \/>\nSilent Night, Holy Night<br \/>\nSilver Bells<br \/>\nSleigh Ride<br \/>\nStille Nacht, Heilige Nacht<br \/>\nSusser Die Glocken Nie Klingeln<br \/>\n\u2018t Is Geboren<br \/>\nTe Bethlehem Is Geboren<br \/>\nTochter Zions<br \/>\nTwelve Days Of Christmas<br \/>\nUren Dagen Maanden Jaren<br \/>\nWe Wish You A Merry Christmas<br \/>\nWhat Child Is This<br \/>\nWiegelied Der Herders<br \/>\nWij Komen Van \u2018t Oosten<\/p>\n","protected":false},"excerpt":{"rendered":"<p>Difficult\u00e9: 2 \u00c0 l&rsquo;avant se trouve une feuille avec les positions d&rsquo;accords pour guitare, les positions d&rsquo;accords pour clavier et \u00e9galement les positions pour fl\u00fbte \u00e0 bec. Les accord\u00e9onistes s&rsquo;y retrouvent \u00e9galement. Contenu: Aber Heidschi Bumbeidschi Adeste Fidelis Alle Jahre Wieder Amazing Grace Angels In The Realms of Glory Ave Maria Away In A Manger [&hellip;]<\/p>\n","protected":false},"featured_media":4460,"comment_status":"open","ping_status":"closed","template":"","meta":[],"product_brand":[],"product_cat":[87,94,90,91,86],"product_tag":[],"merken":[],"class_list":{"0":"post-4814","1":"product","2":"type-product","3":"status-publish","4":"has-post-thumbnail","6":"product_cat-accordeon-fr","7":"product_cat-chant","8":"product_cat-clavier","9":"product_cat-guitare","10":"product_cat-partitions","12":"first","13":"instock","14":"taxable","15":"shipping-taxable","16":"purchasable","17":"product-type-simple"},"_links":{"self":[{"href":"https:\/\/muziek-karine.be\/fr\/wp-json\/wp\/v2\/product\/4814","targetHints":{"allow":["GET"]}}],"collection":[{"href":"https:\/\/muziek-karine.be\/fr\/wp-json\/wp\/v2\/product"}],"about":[{"href":"https:\/\/muziek-karine.be\/fr\/wp-json\/wp\/v2\/types\/product"}],"replies":[{"embeddable":true,"href":"https:\/\/muziek-karine.be\/fr\/wp-json\/wp\/v2\/comments?post=4814"}],"wp:featuredmedia":[{"embeddable":true,"href":"https:\/\/muziek-karine.be\/fr\/wp-json\/wp\/v2\/media\/4460"}],"wp:attachment":[{"href":"https:\/\/muziek-karine.be\/fr\/wp-json\/wp\/v2\/media?parent=4814"}],"wp:term":[{"taxonomy":"product_brand","embeddable":true,"href":"https:\/\/muziek-karine.be\/fr\/wp-json\/wp\/v2\/product_brand?post=4814"},{"taxonomy":"product_cat","embeddable":true,"href":"https:\/\/muziek-karine.be\/fr\/wp-json\/wp\/v2\/product_cat?post=4814"},{"taxonomy":"product_tag","embeddable":true,"href":"https:\/\/muziek-karine.be\/fr\/wp-json\/wp\/v2\/product_tag?post=4814"},{"taxonomy":"merken","embeddable":true,"href":"https:\/\/muziek-karine.be\/fr\/wp-json\/wp\/v2\/merken?post=4814"}],"curies":[{"name":"wp","href":"https:\/\/api.w.org\/{rel}","templated":true}]}}