{"id":4816,"date":"2023-11-30T13:41:40","date_gmt":"2023-11-30T13:41:40","guid":{"rendered":"https:\/\/muziek-karine.be\/product\/courroies-ergonomiques-selon-la-technique-alexander-bretelles-claudio-jacomucci\/"},"modified":"2023-11-30T13:41:40","modified_gmt":"2023-11-30T13:41:40","slug":"courroies-ergonomiques-selon-la-technique-alexander-bretelles-claudio-jacomucci","status":"publish","type":"product","link":"https:\/\/muziek-karine.be\/fr\/produit\/courroies-ergonomiques-selon-la-technique-alexander-bretelles-claudio-jacomucci\/","title":{"rendered":"Courroies ergonomiques selon la technique Alexander \/\/ Bretelles Claudio Jacomucci"},"content":{"rendered":"<p>Ces sangles ont \u00e9t\u00e9 d\u00e9velopp\u00e9es pour le plus grand confort ergonomique.<\/p>\n","protected":false},"excerpt":{"rendered":"<p>Ces sangles ont \u00e9t\u00e9 d\u00e9velopp\u00e9es pour le plus grand confort ergonomique.<\/p>\n","protected":false},"featured_media":4458,"comment_status":"open","ping_status":"closed","template":"","meta":[],"product_brand":[],"product_cat":[95,98],"product_tag":[],"merken":[],"class_list":{"0":"post-4816","1":"product","2":"type-product","3":"status-publish","4":"has-post-thumbnail","6":"product_cat-accessoires-fr","7":"product_cat-courroies","9":"first","10":"instock","11":"taxable","12":"shipping-taxable","13":"purchasable","14":"product-type-simple"},"_links":{"self":[{"href":"https:\/\/muziek-karine.be\/fr\/wp-json\/wp\/v2\/product\/4816","targetHints":{"allow":["GET"]}}],"collection":[{"href":"https:\/\/muziek-karine.be\/fr\/wp-json\/wp\/v2\/product"}],"about":[{"href":"https:\/\/muziek-karine.be\/fr\/wp-json\/wp\/v2\/types\/product"}],"replies":[{"embeddable":true,"href":"https:\/\/muziek-karine.be\/fr\/wp-json\/wp\/v2\/comments?post=4816"}],"wp:featuredmedia":[{"embeddable":true,"href":"https:\/\/muziek-karine.be\/fr\/wp-json\/wp\/v2\/media\/4458"}],"wp:attachment":[{"href":"https:\/\/muziek-karine.be\/fr\/wp-json\/wp\/v2\/media?parent=4816"}],"wp:term":[{"taxonomy":"product_brand","embeddable":true,"href":"https:\/\/muziek-karine.be\/fr\/wp-json\/wp\/v2\/product_brand?post=4816"},{"taxonomy":"product_cat","embeddable":true,"href":"https:\/\/muziek-karine.be\/fr\/wp-json\/wp\/v2\/product_cat?post=4816"},{"taxonomy":"product_tag","embeddable":true,"href":"https:\/\/muziek-karine.be\/fr\/wp-json\/wp\/v2\/product_tag?post=4816"},{"taxonomy":"merken","embeddable":true,"href":"https:\/\/muziek-karine.be\/fr\/wp-json\/wp\/v2\/merken?post=4816"}],"curies":[{"name":"wp","href":"https:\/\/api.w.org\/{rel}","templated":true}]}}