{"id":4899,"date":"2024-04-06T14:10:56","date_gmt":"2024-04-06T14:10:56","guid":{"rendered":"https:\/\/muziek-karine.be\/product\/accordeon-facile-vol-1-cd-inclus\/"},"modified":"2024-04-06T14:10:56","modified_gmt":"2024-04-06T14:10:56","slug":"accordeon-facile-vol-1-cd-inclus","status":"publish","type":"product","link":"https:\/\/muziek-karine.be\/fr\/produit\/accordeon-facile-vol-1-cd-inclus\/","title":{"rendered":"Accord\u00e9on facile vol. 1 (CD inclus)"},"content":{"rendered":"<p>Difficult\u00e9: 2-3<\/p>\n<p>Contenu:<\/p>\n<ul>\n<li>Aubade d&rsquo;oiseaux<\/li>\n<li>C&rsquo;est si bon<\/li>\n<li>Fleur de Paris<\/li>\n<li>La Paloma<\/li>\n<li>La Saint-Hubert<\/li>\n<li>La Valse brune<\/li>\n<li>Le D\u00e9nicheur<\/li>\n<li>Le Sud<\/li>\n<li>Le Temps des cerises<\/li>\n<li>Les Amants d&rsquo;un jour<\/li>\n<li>Oh Happy Day<\/li>\n<li>Quel temps fait-il \u00e0 Paris<\/li>\n<li>Reine de musette<\/li>\n<li>Sous les ponts de Paris<\/li>\n<li>The Entertainer<\/li>\n<\/ul>\n","protected":false},"excerpt":{"rendered":"<p>Difficult\u00e9: 2-3 Contenu: Aubade d&rsquo;oiseaux C&rsquo;est si bon Fleur de Paris La Paloma La Saint-Hubert La Valse brune Le D\u00e9nicheur Le Sud Le Temps des cerises Les Amants d&rsquo;un jour Oh Happy Day Quel temps fait-il \u00e0 Paris Reine de musette Sous les ponts de Paris The Entertainer<\/p>\n","protected":false},"featured_media":4856,"comment_status":"open","ping_status":"closed","template":"","meta":[],"product_brand":[],"product_cat":[87,86],"product_tag":[],"merken":[],"class_list":{"0":"post-4899","1":"product","2":"type-product","3":"status-publish","4":"has-post-thumbnail","6":"product_cat-accordeon-fr","7":"product_cat-partitions","9":"first","10":"instock","11":"taxable","12":"shipping-taxable","13":"purchasable","14":"product-type-simple"},"_links":{"self":[{"href":"https:\/\/muziek-karine.be\/fr\/wp-json\/wp\/v2\/product\/4899","targetHints":{"allow":["GET"]}}],"collection":[{"href":"https:\/\/muziek-karine.be\/fr\/wp-json\/wp\/v2\/product"}],"about":[{"href":"https:\/\/muziek-karine.be\/fr\/wp-json\/wp\/v2\/types\/product"}],"replies":[{"embeddable":true,"href":"https:\/\/muziek-karine.be\/fr\/wp-json\/wp\/v2\/comments?post=4899"}],"wp:featuredmedia":[{"embeddable":true,"href":"https:\/\/muziek-karine.be\/fr\/wp-json\/wp\/v2\/media\/4856"}],"wp:attachment":[{"href":"https:\/\/muziek-karine.be\/fr\/wp-json\/wp\/v2\/media?parent=4899"}],"wp:term":[{"taxonomy":"product_brand","embeddable":true,"href":"https:\/\/muziek-karine.be\/fr\/wp-json\/wp\/v2\/product_brand?post=4899"},{"taxonomy":"product_cat","embeddable":true,"href":"https:\/\/muziek-karine.be\/fr\/wp-json\/wp\/v2\/product_cat?post=4899"},{"taxonomy":"product_tag","embeddable":true,"href":"https:\/\/muziek-karine.be\/fr\/wp-json\/wp\/v2\/product_tag?post=4899"},{"taxonomy":"merken","embeddable":true,"href":"https:\/\/muziek-karine.be\/fr\/wp-json\/wp\/v2\/merken?post=4899"}],"curies":[{"name":"wp","href":"https:\/\/api.w.org\/{rel}","templated":true}]}}