{"id":4902,"date":"2024-04-06T13:33:13","date_gmt":"2024-04-06T13:33:13","guid":{"rendered":"https:\/\/muziek-karine.be\/product\/accordeon-facile-vol-2-cd-inclus\/"},"modified":"2024-04-06T13:33:13","modified_gmt":"2024-04-06T13:33:13","slug":"accordeon-facile-vol-2-cd-inclus","status":"publish","type":"product","link":"https:\/\/muziek-karine.be\/fr\/produit\/accordeon-facile-vol-2-cd-inclus\/","title":{"rendered":"Accord\u00e9on facile vol. 2 (CD inclus)"},"content":{"rendered":"<p>Difficult\u00e9: 2-3<\/p>\n<p>Contenu:<\/p>\n<p>Aujourd&rsquo;hui peut \u00eatre<\/p>\n<p>Bille de billard<\/p>\n<p>Ca gaze<\/p>\n<p>De Picpus au palais d&rsquo;Angkor<\/p>\n<p>Donne-moi un tibo<\/p>\n<p>Il est 5 heures, Paris s&rsquo;\u00e9veille<\/p>\n<p>La Bamba<\/p>\n<p>La Goualante du pauvre Jean<\/p>\n<p>La Java des as<\/p>\n<p>Le Ciel, le soleil et la mer<\/p>\n<p>Les Routiers<\/p>\n<p>Marina<\/p>\n<p>Mirza<\/p>\n<p>Retour des hirondelles<\/p>\n<p>Un jour mon prince viendra<\/p>\n","protected":false},"excerpt":{"rendered":"<p>Difficult\u00e9: 2-3 Contenu: Aujourd&rsquo;hui peut \u00eatre Bille de billard Ca gaze De Picpus au palais d&rsquo;Angkor Donne-moi un tibo Il est 5 heures, Paris s&rsquo;\u00e9veille La Bamba La Goualante du pauvre Jean La Java des as Le Ciel, le soleil et la mer Les Routiers Marina Mirza Retour des hirondelles Un jour mon prince viendra<\/p>\n","protected":false},"featured_media":4862,"comment_status":"open","ping_status":"closed","template":"","meta":[],"product_brand":[],"product_cat":[87,86],"product_tag":[],"merken":[],"class_list":{"0":"post-4902","1":"product","2":"type-product","3":"status-publish","4":"has-post-thumbnail","6":"product_cat-accordeon-fr","7":"product_cat-partitions","9":"first","10":"instock","11":"taxable","12":"shipping-taxable","13":"purchasable","14":"product-type-simple"},"_links":{"self":[{"href":"https:\/\/muziek-karine.be\/fr\/wp-json\/wp\/v2\/product\/4902","targetHints":{"allow":["GET"]}}],"collection":[{"href":"https:\/\/muziek-karine.be\/fr\/wp-json\/wp\/v2\/product"}],"about":[{"href":"https:\/\/muziek-karine.be\/fr\/wp-json\/wp\/v2\/types\/product"}],"replies":[{"embeddable":true,"href":"https:\/\/muziek-karine.be\/fr\/wp-json\/wp\/v2\/comments?post=4902"}],"wp:featuredmedia":[{"embeddable":true,"href":"https:\/\/muziek-karine.be\/fr\/wp-json\/wp\/v2\/media\/4862"}],"wp:attachment":[{"href":"https:\/\/muziek-karine.be\/fr\/wp-json\/wp\/v2\/media?parent=4902"}],"wp:term":[{"taxonomy":"product_brand","embeddable":true,"href":"https:\/\/muziek-karine.be\/fr\/wp-json\/wp\/v2\/product_brand?post=4902"},{"taxonomy":"product_cat","embeddable":true,"href":"https:\/\/muziek-karine.be\/fr\/wp-json\/wp\/v2\/product_cat?post=4902"},{"taxonomy":"product_tag","embeddable":true,"href":"https:\/\/muziek-karine.be\/fr\/wp-json\/wp\/v2\/product_tag?post=4902"},{"taxonomy":"merken","embeddable":true,"href":"https:\/\/muziek-karine.be\/fr\/wp-json\/wp\/v2\/merken?post=4902"}],"curies":[{"name":"wp","href":"https:\/\/api.w.org\/{rel}","templated":true}]}}