{"id":4950,"date":"2023-11-26T08:36:17","date_gmt":"2023-11-26T08:36:17","guid":{"rendered":"https:\/\/muziek-karine.be\/product\/armando-bugari-320-j-doccasion-do-3-b-griff-e-4300\/"},"modified":"2023-11-26T08:36:17","modified_gmt":"2023-11-26T08:36:17","slug":"armando-bugari-320-j-doccasion-do-3-b-griff-e-4300","status":"publish","type":"product","link":"https:\/\/muziek-karine.be\/fr\/produit\/armando-bugari-320-j-doccasion-do-3-b-griff-e-4300\/","title":{"rendered":"Armando Bugari 320 J d&rsquo;occasion &#8211; do 3 (B-griff) \u20ac 4300"},"content":{"rendered":"<p>Cet accord\u00e9on \u00e0 trois voix avec 96 basses et cinq rang\u00e9es \u00e0 droite est id\u00e9al pour l&rsquo;adulte d\u00e9butant ou pour l&rsquo;enfant avanc\u00e9.<\/p>\n<p>&nbsp;<\/p>\n<p>&nbsp;<\/p>\n","protected":false},"excerpt":{"rendered":"<p>Cet accord\u00e9on \u00e0 trois voix avec 96 basses et cinq rang\u00e9es \u00e0 droite est id\u00e9al pour l&rsquo;adulte d\u00e9butant ou pour l&rsquo;enfant avanc\u00e9. &nbsp; &nbsp;<\/p>\n","protected":false},"featured_media":4405,"comment_status":"open","ping_status":"closed","template":"","meta":[],"product_brand":[],"product_cat":[84,85,89],"product_tag":[],"merken":[121],"class_list":{"0":"post-4950","1":"product","2":"type-product","3":"status-publish","4":"has-post-thumbnail","6":"product_cat-accordeons-fr","7":"product_cat-doccasion","8":"product_cat-instruments","9":"merken-armando-bugari-fr","11":"first","12":"instock","13":"taxable","14":"shipping-taxable","15":"product-type-simple"},"_links":{"self":[{"href":"https:\/\/muziek-karine.be\/fr\/wp-json\/wp\/v2\/product\/4950","targetHints":{"allow":["GET"]}}],"collection":[{"href":"https:\/\/muziek-karine.be\/fr\/wp-json\/wp\/v2\/product"}],"about":[{"href":"https:\/\/muziek-karine.be\/fr\/wp-json\/wp\/v2\/types\/product"}],"replies":[{"embeddable":true,"href":"https:\/\/muziek-karine.be\/fr\/wp-json\/wp\/v2\/comments?post=4950"}],"wp:featuredmedia":[{"embeddable":true,"href":"https:\/\/muziek-karine.be\/fr\/wp-json\/wp\/v2\/media\/4405"}],"wp:attachment":[{"href":"https:\/\/muziek-karine.be\/fr\/wp-json\/wp\/v2\/media?parent=4950"}],"wp:term":[{"taxonomy":"product_brand","embeddable":true,"href":"https:\/\/muziek-karine.be\/fr\/wp-json\/wp\/v2\/product_brand?post=4950"},{"taxonomy":"product_cat","embeddable":true,"href":"https:\/\/muziek-karine.be\/fr\/wp-json\/wp\/v2\/product_cat?post=4950"},{"taxonomy":"product_tag","embeddable":true,"href":"https:\/\/muziek-karine.be\/fr\/wp-json\/wp\/v2\/product_tag?post=4950"},{"taxonomy":"merken","embeddable":true,"href":"https:\/\/muziek-karine.be\/fr\/wp-json\/wp\/v2\/merken?post=4950"}],"curies":[{"name":"wp","href":"https:\/\/api.w.org\/{rel}","templated":true}]}}