{"id":4960,"date":"2023-01-06T14:10:17","date_gmt":"2023-01-06T14:10:17","guid":{"rendered":"https:\/\/muziek-karine.be\/product\/microphone-externe-pour-accordeon\/"},"modified":"2023-01-06T14:10:17","modified_gmt":"2023-01-06T14:10:17","slug":"microphone-externe-pour-accordeon","status":"publish","type":"product","link":"https:\/\/muziek-karine.be\/fr\/produit\/microphone-externe-pour-accordeon\/","title":{"rendered":"Microphone externe pour accord\u00e9on"},"content":{"rendered":"<p>La solution pour l&rsquo;accord\u00e9oniste qui ne souhaite \u00eatre amplifi\u00e9 que sporadiquement ou qui souhaite amplifier plusieurs accord\u00e9ons (pas simultan\u00e9ment) avec un seul syst\u00e8me.<\/p>\n<p>Un microphone pour la main gauche et trois pour la main droite.<\/p>\n<p>D\u00e9velopp\u00e9 et produit en France depuis plus de 20 ans.<\/p>\n<p>Demandez plus d&rsquo;informations si vous souhaitez jouer amplifi\u00e9 encore plus professionnellement, avec une utilisation fr\u00e9quente ou sans travaux d&rsquo;installation.<\/p>\n","protected":false},"excerpt":{"rendered":"<p>La solution pour l&rsquo;accord\u00e9oniste qui ne souhaite \u00eatre amplifi\u00e9 que sporadiquement ou qui souhaite amplifier plusieurs accord\u00e9ons (pas simultan\u00e9ment) avec un seul syst\u00e8me. Un microphone pour la main gauche et trois pour la main droite. D\u00e9velopp\u00e9 et produit en France depuis plus de 20 ans. Demandez plus d&rsquo;informations si vous souhaitez jouer amplifi\u00e9 encore plus [&hellip;]<\/p>\n","protected":false},"featured_media":4144,"comment_status":"open","ping_status":"closed","template":"","meta":[],"product_brand":[],"product_cat":[95,97],"product_tag":[],"merken":[],"class_list":{"0":"post-4960","1":"product","2":"type-product","3":"status-publish","4":"has-post-thumbnail","6":"product_cat-accessoires-fr","7":"product_cat-microphone-pour-accordeon","9":"first","10":"instock","11":"taxable","12":"shipping-taxable","13":"product-type-simple"},"_links":{"self":[{"href":"https:\/\/muziek-karine.be\/fr\/wp-json\/wp\/v2\/product\/4960","targetHints":{"allow":["GET"]}}],"collection":[{"href":"https:\/\/muziek-karine.be\/fr\/wp-json\/wp\/v2\/product"}],"about":[{"href":"https:\/\/muziek-karine.be\/fr\/wp-json\/wp\/v2\/types\/product"}],"replies":[{"embeddable":true,"href":"https:\/\/muziek-karine.be\/fr\/wp-json\/wp\/v2\/comments?post=4960"}],"wp:featuredmedia":[{"embeddable":true,"href":"https:\/\/muziek-karine.be\/fr\/wp-json\/wp\/v2\/media\/4144"}],"wp:attachment":[{"href":"https:\/\/muziek-karine.be\/fr\/wp-json\/wp\/v2\/media?parent=4960"}],"wp:term":[{"taxonomy":"product_brand","embeddable":true,"href":"https:\/\/muziek-karine.be\/fr\/wp-json\/wp\/v2\/product_brand?post=4960"},{"taxonomy":"product_cat","embeddable":true,"href":"https:\/\/muziek-karine.be\/fr\/wp-json\/wp\/v2\/product_cat?post=4960"},{"taxonomy":"product_tag","embeddable":true,"href":"https:\/\/muziek-karine.be\/fr\/wp-json\/wp\/v2\/product_tag?post=4960"},{"taxonomy":"merken","embeddable":true,"href":"https:\/\/muziek-karine.be\/fr\/wp-json\/wp\/v2\/merken?post=4960"}],"curies":[{"name":"wp","href":"https:\/\/api.w.org\/{rel}","templated":true}]}}