{"id":4973,"date":"2023-01-06T16:37:59","date_gmt":"2023-01-06T16:37:59","guid":{"rendered":"https:\/\/muziek-karine.be\/product\/ballone-burini-bl-doccasion-do-3-b-griff-e-2200\/"},"modified":"2023-01-06T16:37:59","modified_gmt":"2023-01-06T16:37:59","slug":"ballone-burini-bl-doccasion-do-3-b-griff-e-2200","status":"publish","type":"product","link":"https:\/\/muziek-karine.be\/fr\/produit\/ballone-burini-bl-doccasion-do-3-b-griff-e-2200\/","title":{"rendered":"Ballone Burini BL d&rsquo;occasion &#8211; do 3 (B-griff) \u20ac 2200"},"content":{"rendered":"<p>Accord\u00e9on compacte et l\u00e9ger en tr\u00e8s bon \u00e9tat.<\/p>\n","protected":false},"excerpt":{"rendered":"<p>Accord\u00e9on compacte et l\u00e9ger en tr\u00e8s bon \u00e9tat.<\/p>\n","protected":false},"featured_media":4146,"comment_status":"open","ping_status":"closed","template":"","meta":[],"product_brand":[],"product_cat":[84,85,89],"product_tag":[],"merken":[123],"class_list":{"0":"post-4973","1":"product","2":"type-product","3":"status-publish","4":"has-post-thumbnail","6":"product_cat-accordeons-fr","7":"product_cat-doccasion","8":"product_cat-instruments","9":"merken-fabio-ballone-burini-fr","11":"first","12":"instock","13":"taxable","14":"shipping-taxable","15":"product-type-simple"},"_links":{"self":[{"href":"https:\/\/muziek-karine.be\/fr\/wp-json\/wp\/v2\/product\/4973","targetHints":{"allow":["GET"]}}],"collection":[{"href":"https:\/\/muziek-karine.be\/fr\/wp-json\/wp\/v2\/product"}],"about":[{"href":"https:\/\/muziek-karine.be\/fr\/wp-json\/wp\/v2\/types\/product"}],"replies":[{"embeddable":true,"href":"https:\/\/muziek-karine.be\/fr\/wp-json\/wp\/v2\/comments?post=4973"}],"wp:featuredmedia":[{"embeddable":true,"href":"https:\/\/muziek-karine.be\/fr\/wp-json\/wp\/v2\/media\/4146"}],"wp:attachment":[{"href":"https:\/\/muziek-karine.be\/fr\/wp-json\/wp\/v2\/media?parent=4973"}],"wp:term":[{"taxonomy":"product_brand","embeddable":true,"href":"https:\/\/muziek-karine.be\/fr\/wp-json\/wp\/v2\/product_brand?post=4973"},{"taxonomy":"product_cat","embeddable":true,"href":"https:\/\/muziek-karine.be\/fr\/wp-json\/wp\/v2\/product_cat?post=4973"},{"taxonomy":"product_tag","embeddable":true,"href":"https:\/\/muziek-karine.be\/fr\/wp-json\/wp\/v2\/product_tag?post=4973"},{"taxonomy":"merken","embeddable":true,"href":"https:\/\/muziek-karine.be\/fr\/wp-json\/wp\/v2\/merken?post=4973"}],"curies":[{"name":"wp","href":"https:\/\/api.w.org\/{rel}","templated":true}]}}