{"id":4974,"date":"2022-12-06T20:50:17","date_gmt":"2022-12-06T20:50:17","guid":{"rendered":"https:\/\/muziek-karine.be\/product\/accordeon-progression-3\/"},"modified":"2022-12-06T20:50:17","modified_gmt":"2022-12-06T20:50:17","slug":"accordeon-progression-3","status":"publish","type":"product","link":"https:\/\/muziek-karine.be\/fr\/produit\/accordeon-progression-3\/","title":{"rendered":"Accordeon progression 3"},"content":{"rendered":"<p>Contenu:<\/p>\n<p> M\u00e9thode pour accord\u00e9on<\/p>\n<p>Difficult\u00e9: principalement 2<\/p>\n<p> Ouverture \u00e9l\u00e9mentaire<br \/>\n Danse Hollandaise<br \/>\n Valse folklorique &#8211; Popular waltz<br \/>\n Impromptu<br \/>\n Toccata<br \/>\n Concertino<br \/>\n Danse et s\u00e9r\u00e9nade<\/p>\n","protected":false},"excerpt":{"rendered":"<p>Contenu: M\u00e9thode pour accord\u00e9on Difficult\u00e9: principalement 2 Ouverture \u00e9l\u00e9mentaire Danse Hollandaise Valse folklorique &#8211; Popular waltz Impromptu Toccata Concertino Danse et s\u00e9r\u00e9nade<\/p>\n","protected":false},"featured_media":3902,"comment_status":"closed","ping_status":"closed","template":"","meta":[],"product_brand":[],"product_cat":[87,86],"product_tag":[],"merken":[],"class_list":{"0":"post-4974","1":"product","2":"type-product","3":"status-publish","4":"has-post-thumbnail","6":"product_cat-accordeon-fr","7":"product_cat-partitions","9":"first","10":"instock","11":"taxable","12":"shipping-taxable","13":"purchasable","14":"product-type-simple"},"_links":{"self":[{"href":"https:\/\/muziek-karine.be\/fr\/wp-json\/wp\/v2\/product\/4974","targetHints":{"allow":["GET"]}}],"collection":[{"href":"https:\/\/muziek-karine.be\/fr\/wp-json\/wp\/v2\/product"}],"about":[{"href":"https:\/\/muziek-karine.be\/fr\/wp-json\/wp\/v2\/types\/product"}],"replies":[{"embeddable":true,"href":"https:\/\/muziek-karine.be\/fr\/wp-json\/wp\/v2\/comments?post=4974"}],"wp:featuredmedia":[{"embeddable":true,"href":"https:\/\/muziek-karine.be\/fr\/wp-json\/wp\/v2\/media\/3902"}],"wp:attachment":[{"href":"https:\/\/muziek-karine.be\/fr\/wp-json\/wp\/v2\/media?parent=4974"}],"wp:term":[{"taxonomy":"product_brand","embeddable":true,"href":"https:\/\/muziek-karine.be\/fr\/wp-json\/wp\/v2\/product_brand?post=4974"},{"taxonomy":"product_cat","embeddable":true,"href":"https:\/\/muziek-karine.be\/fr\/wp-json\/wp\/v2\/product_cat?post=4974"},{"taxonomy":"product_tag","embeddable":true,"href":"https:\/\/muziek-karine.be\/fr\/wp-json\/wp\/v2\/product_tag?post=4974"},{"taxonomy":"merken","embeddable":true,"href":"https:\/\/muziek-karine.be\/fr\/wp-json\/wp\/v2\/merken?post=4974"}],"curies":[{"name":"wp","href":"https:\/\/api.w.org\/{rel}","templated":true}]}}