{"id":4978,"date":"2024-04-18T09:10:09","date_gmt":"2024-04-18T09:10:09","guid":{"rendered":"https:\/\/muziek-karine.be\/product\/armando-bugari-320-j-doccasion-b-griff-do3\/"},"modified":"2024-07-11T21:48:31","modified_gmt":"2024-07-11T21:48:31","slug":"armando-bugari-320-j-doccasion-b-griff-do3","status":"publish","type":"product","link":"https:\/\/muziek-karine.be\/fr\/produit\/armando-bugari-320-j-doccasion-b-griff-do3\/","title":{"rendered":"Armando Bugari d&rsquo;occasion 320\/J &#8211; B-griff (do 3) &#8211; \u20ac 3250"},"content":{"rendered":"<p>Accord\u00e9on de qualit\u00e9 en bon \u00e9tat. L\u00e9ger et compacte!<\/p>\n","protected":false},"excerpt":{"rendered":"<p>Accord\u00e9on de qualit\u00e9 en bon \u00e9tat. L\u00e9ger et compacte!<\/p>\n","protected":false},"featured_media":4882,"comment_status":"open","ping_status":"closed","template":"","meta":[],"product_brand":[],"product_cat":[84,85],"product_tag":[],"merken":[121],"class_list":{"0":"post-4978","1":"product","2":"type-product","3":"status-publish","4":"has-post-thumbnail","6":"product_cat-accordeons-fr","7":"product_cat-doccasion","8":"merken-armando-bugari-fr","10":"first","11":"instock","12":"taxable","13":"shipping-taxable","14":"product-type-simple"},"_links":{"self":[{"href":"https:\/\/muziek-karine.be\/fr\/wp-json\/wp\/v2\/product\/4978","targetHints":{"allow":["GET"]}}],"collection":[{"href":"https:\/\/muziek-karine.be\/fr\/wp-json\/wp\/v2\/product"}],"about":[{"href":"https:\/\/muziek-karine.be\/fr\/wp-json\/wp\/v2\/types\/product"}],"replies":[{"embeddable":true,"href":"https:\/\/muziek-karine.be\/fr\/wp-json\/wp\/v2\/comments?post=4978"}],"wp:featuredmedia":[{"embeddable":true,"href":"https:\/\/muziek-karine.be\/fr\/wp-json\/wp\/v2\/media\/4882"}],"wp:attachment":[{"href":"https:\/\/muziek-karine.be\/fr\/wp-json\/wp\/v2\/media?parent=4978"}],"wp:term":[{"taxonomy":"product_brand","embeddable":true,"href":"https:\/\/muziek-karine.be\/fr\/wp-json\/wp\/v2\/product_brand?post=4978"},{"taxonomy":"product_cat","embeddable":true,"href":"https:\/\/muziek-karine.be\/fr\/wp-json\/wp\/v2\/product_cat?post=4978"},{"taxonomy":"product_tag","embeddable":true,"href":"https:\/\/muziek-karine.be\/fr\/wp-json\/wp\/v2\/product_tag?post=4978"},{"taxonomy":"merken","embeddable":true,"href":"https:\/\/muziek-karine.be\/fr\/wp-json\/wp\/v2\/merken?post=4978"}],"curies":[{"name":"wp","href":"https:\/\/api.w.org\/{rel}","templated":true}]}}