{"id":5000,"date":"2024-07-08T08:14:42","date_gmt":"2024-07-08T08:14:42","guid":{"rendered":"https:\/\/muziek-karine.be\/?post_type=product&#038;p=5000"},"modified":"2024-07-08T08:15:22","modified_gmt":"2024-07-08T08:15:22","slug":"akkordeon-workshop-1-der-flotte-weg-zum-akkordeonspiel-incl-cd-kopie","status":"publish","type":"product","link":"https:\/\/muziek-karine.be\/fr\/produit\/akkordeon-workshop-1-der-flotte-weg-zum-akkordeonspiel-incl-cd-kopie\/","title":{"rendered":"Akkordeon Workshop 1 &#8211; Der flotte Weg zum Akkordeonspiel (incl.CD) (kopie)"},"content":{"rendered":"<p>Contenu:<\/p>\n<p>Difficult\u00e9: de 0 \u00e0 2<\/p>\n<p>Pour d\u00e9butants ou personnes qui souhaitent recommencer<\/p>\n<p>Kapitel 1: Die ersten musiktheoretischen Grundlagen<\/p>\n<p>Die Notenschrift<\/p>\n<p>Das Liniensystem<\/p>\n<p>Die Notenschl\u00fcssel<\/p>\n<p>Die Notennamen<\/p>\n<p>Der Takt und das Taktma\u00df<\/p>\n<p>Die Wiederholungszeichen<\/p>\n<p>Die Register<\/p>\n<p>Kapitel 2: Erste \u00dcbungen auf der Melodeseite<\/p>\n<p>Der Tonumfang auf der Melodieseite<\/p>\n<p>Der Fingersatz<\/p>\n<p>Die Balgzeichen<\/p>\n<p>Ganze Noten<\/p>\n<p>Halbe Noten<\/p>\n<p>Viertelnoten<\/p>\n<p>Die Basstabelle<\/p>\n<p>Kapitel 3: Erste \u00dcbungen auf der Bassseite<\/p>\n<p>B\u00e4sse und Akkorde<\/p>\n<p>Der C-Grundbass und der C-Dur-Akkord<\/p>\n<p>Der G-Grundbass und der G-Dur-Akkord<\/p>\n<p>Der F-Grundbass und der F-Dur-Akkord<\/p>\n<p>Kapitel 4: Erstes Zusammenspiel von Melodie- und Bassseite<\/p>\n<p>Punktierte halbe Note<\/p>\n<p>Der Haltebogen<\/p>\n<p>Die Viertelpause<\/p>\n<p>Kapitel 5: Der Wechselbass<\/p>\n<p>Wechselbass\u00fcbungen mit dem Dur-Akkord<\/p>\n<p>Der Moll-Akkord<\/p>\n<p>Wechselbass\u00fcbungen mit dem Moll-Akkord<\/p>\n<p>Der Septim-Akkord<\/p>\n<p>Wechselbass\u00fcbungen mit dem Septim-Akkord<\/p>\n<p>Erstes St\u00fcck in Dur<\/p>\n<p>Erstes St\u00fcck in Moll<\/p>\n<p>Kapitel 6: Viele St\u00fccke zum Spielen<\/p>\n<p>Passend zur Tonleiter, Das \u00dcber- und Untersetzen<\/p>\n<p>Kleiner Walzer, Der Legatobogen<\/p>\n<p>Saitsche Primechutsche<\/p>\n<p>Moritat vom Mackie Messer, Auftakt, M\u00e4lzels Metronom<\/p>\n<p>Plaisir D&rsquo;Amour, Die Versetzungszeichen, Die Vorzeichen, F-Dur-Tonleiter<\/p>\n<p>Tanz in A-Moll, Die Moll-Tonleiter<\/p>\n<p>Wer kann Segeln, Die Achtelnoten<\/p>\n<p>F\u00fcr Christiane<\/p>\n<p>Scarborough Fair<\/p>\n<p>Heute hier, Morgen dort, Bassbegleitung in Achteln<\/p>\n<p>The Wild Rover, G-Dur-Tonleiter<\/p>\n<p>Sweet Betsy From Pike, Die Triole<\/p>\n<p>Ein Triolenst\u00fcck<\/p>\n<p>Sag mir, wo die Blumen sind<\/p>\n<p>The Cliffs of Doonen<\/p>\n<p>In Dublin&rsquo;s Fair City<\/p>\n<p>Mein kleiner, gr\u00fcner Kaktus<\/p>\n<p>Sous les ponts de Paris, Musette, Vorpiel, Refrain, Strophe<\/p>\n<p>Lili Marleen, Die punktierte Achtelnote<\/p>\n<p>Pack die Badehose ein, Marsch, Polka<\/p>\n<p>The Blantyre Explosion<\/p>\n<p>Smile, Der verminderte Septim-Akkord<\/p>\n<p>Schlaf, mein Liebling<\/p>\n<p>Ostl\u00e4nder, Musikalische Vortragszeichen<\/p>\n<p>Retour aux Champs<\/p>\n<p>Moon River, Musikalische Vortragszeichen, stummer Fingerwechsel<\/p>\n<p>Milord, D.C. al Fine<\/p>\n<p>Nur nicht aus Liebe weinen, Fermate<\/p>\n<p>Padam &#8230; Padam, D.S. al Fine, Chanson<\/p>\n<p>\u00dcbung einer typisch franz\u00f6sischen Schlussform<\/p>\n<p>F\u00fcr mich soll&rsquo;s rote Rosen regnen, D.S. al O-O<\/p>\n<p>Zigeunerjunge<\/p>\n<p>The Ashgrove<\/p>\n<p>Hewlett, Der Pralltriller<\/p>\n<p>Out Of My Dreams<\/p>\n<p>Tzadik Katamar<\/p>\n<p>Amelie<\/p>\n<p>Kapitel 7: Ausf\u00fchrliche Erkl\u00e4rungen<\/p>\n<p>Anhang 1 Noten und Pausenwerte<\/p>\n<p>Anhang 2 Der Takt<\/p>\n<p>Anhang 3 Balgf\u00fchrung und Dynamik<\/p>\n<p>Anhang 4 Die Bassbezifferung<\/p>\n<p>Anhang 5 Die Versetzungszeichen<\/p>\n<p>Anhang 6 Intervalle<\/p>\n<p>Anhang 7 Akkorde<\/p>\n<p>Anhang 8 Dur- und Moll-Tonleitern<\/p>\n<p>Anhang 9 Artikulations- und Phrasierungszeichen<\/p>\n<p>Anhang 10 Musikalische Vortragszeichen<\/p>\n<p>Anhang 11 Wiederholungs- und Arrangierzeichen<\/p>\n<p>Anhang 12 Register<\/p>\n<p>Sach- und Namensregister<\/p>\n<p>Liederverzeichnis (alphabetisch)<\/p>\n<p>CD- \/ Video-Verzeichnis<\/p>\n","protected":false},"excerpt":{"rendered":"<p>Contenu: Difficult\u00e9: de 0 \u00e0 2 Pour d\u00e9butants ou personnes qui souhaitent recommencer Kapitel 1: Die ersten musiktheoretischen Grundlagen Die Notenschrift Das Liniensystem Die Notenschl\u00fcssel Die Notennamen Der Takt und das Taktma\u00df Die Wiederholungszeichen Die Register Kapitel 2: Erste \u00dcbungen auf der Melodeseite Der Tonumfang auf der Melodieseite Der Fingersatz Die Balgzeichen Ganze Noten Halbe [&hellip;]<\/p>\n","protected":false},"featured_media":3921,"comment_status":"closed","ping_status":"closed","template":"","meta":[],"product_brand":[],"product_cat":[87,86],"product_tag":[],"merken":[],"class_list":{"0":"post-5000","1":"product","2":"type-product","3":"status-publish","4":"has-post-thumbnail","6":"product_cat-accordeon-fr","7":"product_cat-partitions","9":"first","10":"instock","11":"taxable","12":"shipping-taxable","13":"purchasable","14":"product-type-simple"},"_links":{"self":[{"href":"https:\/\/muziek-karine.be\/fr\/wp-json\/wp\/v2\/product\/5000","targetHints":{"allow":["GET"]}}],"collection":[{"href":"https:\/\/muziek-karine.be\/fr\/wp-json\/wp\/v2\/product"}],"about":[{"href":"https:\/\/muziek-karine.be\/fr\/wp-json\/wp\/v2\/types\/product"}],"replies":[{"embeddable":true,"href":"https:\/\/muziek-karine.be\/fr\/wp-json\/wp\/v2\/comments?post=5000"}],"wp:featuredmedia":[{"embeddable":true,"href":"https:\/\/muziek-karine.be\/fr\/wp-json\/wp\/v2\/media\/3921"}],"wp:attachment":[{"href":"https:\/\/muziek-karine.be\/fr\/wp-json\/wp\/v2\/media?parent=5000"}],"wp:term":[{"taxonomy":"product_brand","embeddable":true,"href":"https:\/\/muziek-karine.be\/fr\/wp-json\/wp\/v2\/product_brand?post=5000"},{"taxonomy":"product_cat","embeddable":true,"href":"https:\/\/muziek-karine.be\/fr\/wp-json\/wp\/v2\/product_cat?post=5000"},{"taxonomy":"product_tag","embeddable":true,"href":"https:\/\/muziek-karine.be\/fr\/wp-json\/wp\/v2\/product_tag?post=5000"},{"taxonomy":"merken","embeddable":true,"href":"https:\/\/muziek-karine.be\/fr\/wp-json\/wp\/v2\/merken?post=5000"}],"curies":[{"name":"wp","href":"https:\/\/api.w.org\/{rel}","templated":true}]}}