{"id":5005,"date":"2024-07-10T13:29:40","date_gmt":"2024-07-10T13:29:40","guid":{"rendered":"https:\/\/muziek-karine.be\/product\/accordion-trip-1-39-songs-and-dances-from-europe-for-1-2-accordions-incl-audio-download\/"},"modified":"2024-07-10T13:29:40","modified_gmt":"2024-07-10T13:29:40","slug":"accordion-trip-1-39-songs-and-dances-from-europe-for-1-2-accordions-incl-audio-download","status":"publish","type":"product","link":"https:\/\/muziek-karine.be\/fr\/produit\/accordion-trip-1-39-songs-and-dances-from-europe-for-1-2-accordions-incl-audio-download\/","title":{"rendered":"Accordion Trip 1 &#8211; 39 songs and dances from Europe for 1-2 accordions (incl. Audio-Download)"},"content":{"rendered":"<p>Difficult\u00e9: 2<\/p>\n<p>Contenu:<\/p>\n<ul>\n<li>Across the divide<\/li>\n<li>Aus dem Pahlenschen<\/li>\n<li>Awiglid<\/li>\n<li>Cere Bogar<\/li>\n<li>Childgrove<\/li>\n<li>Das Zitr\u00f6nchen<\/li>\n<li>Der Querenburger<\/li>\n<li>Dobra utro<\/li>\n<li>Gorbitschok<\/li>\n<li>Hej Janiku<\/li>\n<li>Hine ma tov<\/li>\n<li>Hochzeit der Cal\u00e9<\/li>\n<li>Irinka<\/li>\n<li>Ivanica<\/li>\n<li>Jiana<\/li>\n<li>Joc de Leagane<\/li>\n<li>Jugo primo<\/li>\n<li>Junge mit tambura<\/li>\n<li>Juokse sin\u00e4 humma<\/li>\n<li>Kristallen den Fina<\/li>\n<li>Lied des levi<\/li>\n<li>Miss Murphy<\/li>\n<li>Modawisch<\/li>\n<li>Niin sinulle<\/li>\n<li>Od avinu chai<\/li>\n<li>On Suur sun rantas autius<\/li>\n<li>Ostl\u00e4ndischer Walzer<\/li>\n<li>Otdawali Molodie<\/li>\n<li>Piyrso godzina<\/li>\n<li>Posadila rozu<\/li>\n<li>Shei Yibaneh<\/li>\n<li>Simchat<\/li>\n<li>Siriul<\/li>\n<li>Souliotikus<\/li>\n<li>Syrtis Iduros<\/li>\n<li>Tarantella<\/li>\n<li>Ugros<\/li>\n<li>sev acherov aghcheek<\/li>\n<li>tourdion<\/li>\n<\/ul>\n","protected":false},"excerpt":{"rendered":"<p>Difficult\u00e9: 2 Contenu: Across the divide Aus dem Pahlenschen Awiglid Cere Bogar Childgrove Das Zitr\u00f6nchen Der Querenburger Dobra utro Gorbitschok Hej Janiku Hine ma tov Hochzeit der Cal\u00e9 Irinka Ivanica Jiana Joc de Leagane Jugo primo Junge mit tambura Juokse sin\u00e4 humma Kristallen den Fina Lied des levi Miss Murphy Modawisch Niin sinulle Od avinu [&hellip;]<\/p>\n","protected":false},"featured_media":5004,"comment_status":"open","ping_status":"closed","template":"","meta":[],"product_brand":[],"product_cat":[120],"product_tag":[],"merken":[],"class_list":{"0":"post-5005","1":"product","2":"type-product","3":"status-publish","4":"has-post-thumbnail","6":"product_cat-ne-fait-pas-partie-dune-categorie","8":"first","9":"instock","10":"taxable","11":"shipping-taxable","12":"purchasable","13":"product-type-simple"},"_links":{"self":[{"href":"https:\/\/muziek-karine.be\/fr\/wp-json\/wp\/v2\/product\/5005","targetHints":{"allow":["GET"]}}],"collection":[{"href":"https:\/\/muziek-karine.be\/fr\/wp-json\/wp\/v2\/product"}],"about":[{"href":"https:\/\/muziek-karine.be\/fr\/wp-json\/wp\/v2\/types\/product"}],"replies":[{"embeddable":true,"href":"https:\/\/muziek-karine.be\/fr\/wp-json\/wp\/v2\/comments?post=5005"}],"wp:featuredmedia":[{"embeddable":true,"href":"https:\/\/muziek-karine.be\/fr\/wp-json\/wp\/v2\/media\/5004"}],"wp:attachment":[{"href":"https:\/\/muziek-karine.be\/fr\/wp-json\/wp\/v2\/media?parent=5005"}],"wp:term":[{"taxonomy":"product_brand","embeddable":true,"href":"https:\/\/muziek-karine.be\/fr\/wp-json\/wp\/v2\/product_brand?post=5005"},{"taxonomy":"product_cat","embeddable":true,"href":"https:\/\/muziek-karine.be\/fr\/wp-json\/wp\/v2\/product_cat?post=5005"},{"taxonomy":"product_tag","embeddable":true,"href":"https:\/\/muziek-karine.be\/fr\/wp-json\/wp\/v2\/product_tag?post=5005"},{"taxonomy":"merken","embeddable":true,"href":"https:\/\/muziek-karine.be\/fr\/wp-json\/wp\/v2\/merken?post=5005"}],"curies":[{"name":"wp","href":"https:\/\/api.w.org\/{rel}","templated":true}]}}