{"id":5010,"date":"2024-07-11T21:33:49","date_gmt":"2024-07-11T21:33:49","guid":{"rendered":"https:\/\/muziek-karine.be\/?post_type=product&#038;p=5010"},"modified":"2024-07-11T21:41:25","modified_gmt":"2024-07-11T21:41:25","slug":"armando-bugari-380-sp-c-kopie","status":"publish","type":"product","link":"https:\/\/muziek-karine.be\/fr\/produit\/armando-bugari-380-sp-c-kopie\/","title":{"rendered":"Armando Bugari 380 SP\/C d&rsquo;occasion &#8211; C-griff (do 1) &#8211; \u20ac 7600"},"content":{"rendered":"<p>Cet accord\u00e9on n&rsquo;a que 4 jours et a \u00e9t\u00e9 correctement entretenu chaque ann\u00e9e. Vente suite \u00e0 l&rsquo; achat d&rsquo;un mod\u00e8le plus grand.<\/p>\n<p>&nbsp;<\/p>\n<p>16+8 dans les freebas<\/p>\n","protected":false},"excerpt":{"rendered":"<p>Cet accord\u00e9on n&rsquo;a que 4 jours et a \u00e9t\u00e9 correctement entretenu chaque ann\u00e9e. Vente suite \u00e0 l&rsquo; achat d&rsquo;un mod\u00e8le plus grand. &nbsp; 16+8 dans les freebas<\/p>\n","protected":false},"featured_media":4422,"comment_status":"open","ping_status":"closed","template":"","meta":[],"product_brand":[],"product_cat":[84,85,89],"product_tag":[],"merken":[121],"class_list":{"0":"post-5010","1":"product","2":"type-product","3":"status-publish","4":"has-post-thumbnail","6":"product_cat-accordeons-fr","7":"product_cat-doccasion","8":"product_cat-instruments","9":"merken-armando-bugari-fr","11":"first","12":"instock","13":"taxable","14":"shipping-taxable","15":"product-type-simple"},"_links":{"self":[{"href":"https:\/\/muziek-karine.be\/fr\/wp-json\/wp\/v2\/product\/5010","targetHints":{"allow":["GET"]}}],"collection":[{"href":"https:\/\/muziek-karine.be\/fr\/wp-json\/wp\/v2\/product"}],"about":[{"href":"https:\/\/muziek-karine.be\/fr\/wp-json\/wp\/v2\/types\/product"}],"replies":[{"embeddable":true,"href":"https:\/\/muziek-karine.be\/fr\/wp-json\/wp\/v2\/comments?post=5010"}],"wp:featuredmedia":[{"embeddable":true,"href":"https:\/\/muziek-karine.be\/fr\/wp-json\/wp\/v2\/media\/4422"}],"wp:attachment":[{"href":"https:\/\/muziek-karine.be\/fr\/wp-json\/wp\/v2\/media?parent=5010"}],"wp:term":[{"taxonomy":"product_brand","embeddable":true,"href":"https:\/\/muziek-karine.be\/fr\/wp-json\/wp\/v2\/product_brand?post=5010"},{"taxonomy":"product_cat","embeddable":true,"href":"https:\/\/muziek-karine.be\/fr\/wp-json\/wp\/v2\/product_cat?post=5010"},{"taxonomy":"product_tag","embeddable":true,"href":"https:\/\/muziek-karine.be\/fr\/wp-json\/wp\/v2\/product_tag?post=5010"},{"taxonomy":"merken","embeddable":true,"href":"https:\/\/muziek-karine.be\/fr\/wp-json\/wp\/v2\/merken?post=5010"}],"curies":[{"name":"wp","href":"https:\/\/api.w.org\/{rel}","templated":true}]}}