{"id":5015,"date":"2024-07-10T15:13:56","date_gmt":"2024-07-10T15:13:56","guid":{"rendered":"https:\/\/muziek-karine.be\/product\/the-mighty-accordion-the-complete-guide-to-mastering-left-hand-melodies-walking-bass-lines-and-chord-progressions-incl-online-audio\/"},"modified":"2024-07-10T15:13:56","modified_gmt":"2024-07-10T15:13:56","slug":"the-mighty-accordion-the-complete-guide-to-mastering-left-hand-melodies-walking-bass-lines-and-chord-progressions-incl-online-audio","status":"publish","type":"product","link":"https:\/\/muziek-karine.be\/fr\/produit\/the-mighty-accordion-the-complete-guide-to-mastering-left-hand-melodies-walking-bass-lines-and-chord-progressions-incl-online-audio\/","title":{"rendered":"The mighty accordion &#8211; The complete guide to mastering left-hand melodies, Walking bass lines and chord progressions (incl. online audio)"},"content":{"rendered":"<p>Contenu:<\/p>\n<p>Difficult\u00e9: 3<\/p>\n<p>Pour celui qui cherche \u00e0 am\u00e9liorer ses basses.<\/p>\n<p>The Mighty Accordion, Volume Two est un livre de m\u00e9thodes essentiel et unique pour am\u00e9liorer les comp\u00e9tences de la main gauche de l&rsquo;accord\u00e9oniste. La s\u00e9rie compl\u00e8te d&rsquo;exercices gradu\u00e9s est con\u00e7ue pour am\u00e9liorer la force et la dext\u00e9rit\u00e9 des doigts tout en apprenant \u00e0 jouer des m\u00e9lodies et des lignes de basse ambulante. Ces comp\u00e9tences sont ensuite utilis\u00e9es pour explorer des fa\u00e7ons de jouer des progressions d\u2019accords contemporaines. Le livre contient trois parties. La premi\u00e8re section fournit un bref aper\u00e7u des basses standard\/accords de base. La deuxi\u00e8me partie se concentre sur la lecture de m\u00e9lodies de la main gauche, en commen\u00e7ant par des motifs simples bas\u00e9s sur des gammes et en passant \u00e0 des morceaux plus difficiles. Une s\u00e9rie d&rsquo;exercices sp\u00e9cialement con\u00e7us pour renforcer le cinqui\u00e8me doigt, g\u00e9n\u00e9ralement le plus faible, est \u00e9galement incluse. La troisi\u00e8me partie se concentre sur les progressions d&rsquo;accords couramment entendues dans la musique populaire. Les exercices explorent l&rsquo;utilisation d&rsquo;arp\u00e8ges et de lignes de basse ambulantes pour relier les accords et int\u00e9grer une vari\u00e9t\u00e9 de motifs rythmiques. Le dernier chapitre pr\u00e9sente de nombreux riffs de blues jou\u00e9s au format blues standard de 12 mesures. Des suggestions de doigt\u00e9s sont donn\u00e9es pour chaque exercice. Comprend l&rsquo;acc\u00e8s \u00e0 l&rsquo;audio en ligne de tous les exercices. Le mat\u00e9riel contenu dans ce livre fournit \u00e0 l&rsquo;accord\u00e9oniste des outils pr\u00e9cieux pour am\u00e9liorer consid\u00e9rablement sa ma\u00eetrise des techniques de la main gauche et am\u00e9liorer sa musicalit\u00e9 globale.<\/p>\n","protected":false},"excerpt":{"rendered":"<p>Contenu: Difficult\u00e9: 3 Pour celui qui cherche \u00e0 am\u00e9liorer ses basses. The Mighty Accordion, Volume Two est un livre de m\u00e9thodes essentiel et unique pour am\u00e9liorer les comp\u00e9tences de la main gauche de l&rsquo;accord\u00e9oniste. La s\u00e9rie compl\u00e8te d&rsquo;exercices gradu\u00e9s est con\u00e7ue pour am\u00e9liorer la force et la dext\u00e9rit\u00e9 des doigts tout en apprenant \u00e0 jouer [&hellip;]<\/p>\n","protected":false},"featured_media":0,"comment_status":"closed","ping_status":"closed","template":"","meta":[],"product_brand":[],"product_cat":[87,86],"product_tag":[],"merken":[],"class_list":{"0":"post-5015","1":"product","2":"type-product","3":"status-publish","5":"product_cat-accordeon-fr","6":"product_cat-partitions","8":"first","9":"instock","10":"taxable","11":"shipping-taxable","12":"purchasable","13":"product-type-simple"},"_links":{"self":[{"href":"https:\/\/muziek-karine.be\/fr\/wp-json\/wp\/v2\/product\/5015","targetHints":{"allow":["GET"]}}],"collection":[{"href":"https:\/\/muziek-karine.be\/fr\/wp-json\/wp\/v2\/product"}],"about":[{"href":"https:\/\/muziek-karine.be\/fr\/wp-json\/wp\/v2\/types\/product"}],"replies":[{"embeddable":true,"href":"https:\/\/muziek-karine.be\/fr\/wp-json\/wp\/v2\/comments?post=5015"}],"wp:attachment":[{"href":"https:\/\/muziek-karine.be\/fr\/wp-json\/wp\/v2\/media?parent=5015"}],"wp:term":[{"taxonomy":"product_brand","embeddable":true,"href":"https:\/\/muziek-karine.be\/fr\/wp-json\/wp\/v2\/product_brand?post=5015"},{"taxonomy":"product_cat","embeddable":true,"href":"https:\/\/muziek-karine.be\/fr\/wp-json\/wp\/v2\/product_cat?post=5015"},{"taxonomy":"product_tag","embeddable":true,"href":"https:\/\/muziek-karine.be\/fr\/wp-json\/wp\/v2\/product_tag?post=5015"},{"taxonomy":"merken","embeddable":true,"href":"https:\/\/muziek-karine.be\/fr\/wp-json\/wp\/v2\/merken?post=5015"}],"curies":[{"name":"wp","href":"https:\/\/api.w.org\/{rel}","templated":true}]}}