{"id":5084,"date":"2024-09-13T00:24:04","date_gmt":"2024-09-13T00:24:04","guid":{"rendered":"https:\/\/muziek-karine.be\/?post_type=product&#038;p=5084"},"modified":"2024-09-13T00:30:01","modified_gmt":"2024-09-13T00:30:01","slug":"jet-set-chromatic-bayan-kopie","status":"publish","type":"product","link":"https:\/\/muziek-karine.be\/fr\/produit\/jet-set-chromatic-bayan-kopie\/","title":{"rendered":"Jet Set Piano Bayan"},"content":{"rendered":"<p>Fabriqu\u00e9 en Cordura\u00ae 1000 Denier, avec 10 mm de mousse de poly\u00e9thyl\u00e8ne, 10 mm de rembourrage en velours et un renfort int\u00e9rieur en plastique.<br \/>Id\u00e9al pour les voyages en avion avec votre accord\u00e9on : <strong>deux sacs s\u00e9par\u00e9s<\/strong>, un pour le clavier chant et un pour les basses, pouvant \u00eatre port\u00e9s s\u00e9par\u00e9ment ou assembl\u00e9s pour vous permettre d&rsquo;utiliser le sac comme un sac d&rsquo;accord\u00e9on classique. Dimensions:    <\/p>\n<blockquote>\n<div id=\"v1x_replybody1\">\n<div dir=\"ltr\"> 50cm x 25cm x 25cm en 50cm x 25cm x 30cm <\/div>\n<p>&nbsp;<\/p>\n<\/div>\n<\/blockquote>\n","protected":false},"excerpt":{"rendered":"<p>Fabriqu\u00e9 en Cordura\u00ae 1000 Denier, avec 10 mm de mousse de poly\u00e9thyl\u00e8ne, 10 mm de rembourrage en velours et un renfort int\u00e9rieur en plastique.Id\u00e9al pour les voyages en avion avec votre accord\u00e9on : deux sacs s\u00e9par\u00e9s, un pour le clavier chant et un pour les basses, pouvant \u00eatre port\u00e9s s\u00e9par\u00e9ment ou assembl\u00e9s pour vous permettre [&hellip;]<\/p>\n","protected":false},"featured_media":5081,"comment_status":"open","ping_status":"closed","template":"","meta":[],"product_brand":[],"product_cat":[95,96],"product_tag":[],"merken":[],"class_list":{"0":"post-5084","1":"product","2":"type-product","3":"status-publish","4":"has-post-thumbnail","6":"product_cat-accessoires-fr","7":"product_cat-sac-a-dos","9":"first","10":"instock","11":"taxable","12":"shipping-taxable","13":"purchasable","14":"product-type-simple"},"_links":{"self":[{"href":"https:\/\/muziek-karine.be\/fr\/wp-json\/wp\/v2\/product\/5084","targetHints":{"allow":["GET"]}}],"collection":[{"href":"https:\/\/muziek-karine.be\/fr\/wp-json\/wp\/v2\/product"}],"about":[{"href":"https:\/\/muziek-karine.be\/fr\/wp-json\/wp\/v2\/types\/product"}],"replies":[{"embeddable":true,"href":"https:\/\/muziek-karine.be\/fr\/wp-json\/wp\/v2\/comments?post=5084"}],"wp:featuredmedia":[{"embeddable":true,"href":"https:\/\/muziek-karine.be\/fr\/wp-json\/wp\/v2\/media\/5081"}],"wp:attachment":[{"href":"https:\/\/muziek-karine.be\/fr\/wp-json\/wp\/v2\/media?parent=5084"}],"wp:term":[{"taxonomy":"product_brand","embeddable":true,"href":"https:\/\/muziek-karine.be\/fr\/wp-json\/wp\/v2\/product_brand?post=5084"},{"taxonomy":"product_cat","embeddable":true,"href":"https:\/\/muziek-karine.be\/fr\/wp-json\/wp\/v2\/product_cat?post=5084"},{"taxonomy":"product_tag","embeddable":true,"href":"https:\/\/muziek-karine.be\/fr\/wp-json\/wp\/v2\/product_tag?post=5084"},{"taxonomy":"merken","embeddable":true,"href":"https:\/\/muziek-karine.be\/fr\/wp-json\/wp\/v2\/merken?post=5084"}],"curies":[{"name":"wp","href":"https:\/\/api.w.org\/{rel}","templated":true}]}}