{"id":5091,"date":"2024-09-17T15:19:36","date_gmt":"2024-09-17T15:19:36","guid":{"rendered":"https:\/\/muziek-karine.be\/product\/100-kinderlieder-fur-akkordeon\/"},"modified":"2024-09-17T15:19:36","modified_gmt":"2024-09-17T15:19:36","slug":"100-kinderlieder-fur-akkordeon","status":"publish","type":"product","link":"https:\/\/muziek-karine.be\/fr\/produit\/100-kinderlieder-fur-akkordeon\/","title":{"rendered":"100 Kinderlieder f\u00fcr Akkordeon"},"content":{"rendered":"<p>Niveau: 1,5 &nbsp;<\/p>\n<div>1. 1, 2, 3 Im Sauseschritt<\/div>\n<div>2. A, B, C, die Katze lief im Schnee<\/div>\n<div>3. Abendgold<\/div>\n<div>4. Aram sam sam<\/div>\n<div>5. Alle V\u00f6gel sind schon da<\/div>\n<div>6. Alle Meine Entchen<\/div>\n<div>7. Anne Kaffeekanne<\/div>\n<div>8. Atte katte nuwa<\/div>\n<div>9. Auf einem Baum ein Kuckuck<\/div>\n<div>10. Auf Der Mauer, Auf Der Lauer (In een klein stationnetje &#8211; op een grote paddenstoel)<\/div>\n<div>11. Auf Unsrer Wiese Gehet Was<\/div>\n<div>12. Bruder Jakob (Broeder Jacob)<\/div>\n<div>13. Benjamin Bl\u00fcmchen<\/div>\n<div>14. Bibi und Tina<\/div>\n<div>15. Boogie Woogie<\/div>\n<div>\n<div>16. Br\u00fcderchen, komm, tanz mit mir!<\/div>\n<div>17. Clown Sporelli<\/div>\n<div>18. Das Flummilied<\/div>\n<div>19. Das Lied der Schl\u00fcmpfe (Smurfenlied)<\/div>\n<div>20. Das Lied \u00fcber mich<\/div>\n<div>21. Das rote Pferd<\/div>\n<div>22. Der Hahn ist tot<\/div>\n<div>23. Das singende K\u00e4nguru<\/div>\n<div>24. Der Herbst ist da<\/div>\n<div>25. Der Katzentatzentanz<\/div>\n<div>26. Der L\u00f6we ist los<\/div>\n<div>27. Der L\u00f6we schl\u00e4ft heut Nacht (The Lion Sleeps Tonight)<\/div>\n<div>28. Der, die, das (Sesamstraat Tune)<\/div>\n<div>29. Drei Chinesen mit dem Kontrabass<\/div>\n<div>30. Die Affen rasen durch den Wald<\/div>\n<div>\n<div>31. Die Biene Maja (Maya de Bij)<\/div>\n<div>32. Die Vogelhochzeit<\/div>\n<div>33. Dracula-Rock<\/div>\n<div>34. Ein Eis muss dabei sein<\/div>\n<div>35. Eine Insel mit zwei Bergen<\/div>\n<div>36. Es geht eine Zipfelm\u00fctz\u2019<\/div>\n<div>37. Es Tanzt Ein Bi-ba-butzemann<\/div>\n<div>38. Es regnet, es regnet<\/div>\n<div>39. Es War Eine Mutter<\/div>\n<div>40. Ein M\u00e4nnlein steht im Walde<\/div>\n<div>41. Fuchs, Du Hast Die Gans Gestohlen<\/div>\n<div>42. Faul sein ist wundersch\u00f6n<\/div>\n<div>43. GREENSLEEVES<\/div>\n<div>44. Gr\u00fcn, gr\u00fcn, gr\u00fcn sind alle meine Kleider<\/div>\n<div>45. H\u00e4nsel und Gretel<\/div>\n<div>\n<div>46. Head And Shoulders (Hoofd, schouders, knie en teen)<\/div>\n<div>47. Humpty Dumpty<\/div>\n<div>48. Heidi<\/div>\n<div>49. Hey, hey, Wickie<\/div>\n<div>50. Hey, Pippi Langstrumpf<\/div>\n<div>51. Hokey Pokey<\/div>\n<div>52. H\u00f6rst du die Regenw\u00fcrmer husten?<\/div>\n<div>53. Hurra, es schneit<\/div>\n<div>54. Hejo, spann den Wagen an!<\/div>\n<div>55. Morgens fr\u00fch um sechs<\/div>\n<div>56. Ich w\u00e4r so gern wie du<\/div>\n<div>57. Ich Geh mit meiner Laterne<\/div>\n<div>58. Ich schnippe mit den Fingern<\/div>\n<div>59. Im wilden, wilden Westen<\/div>\n<div>60. In der Weihnachtsb\u00e4ckerei<\/div>\n<div>\n<div>61. Jetzt fahrn wir \u00fcbern See<\/div>\n<div>62. Jetzt tanzen alle Puppen (Muppet show)<\/div>\n<div>63. Kam ein kleiner Teddyb\u00e4r<\/div>\n<div>64. Kommt Ein Vogel Geflogen<\/div>\n<div>65. Mein Vater war ein Wandersmann<\/div>\n<div>66. Meine Oma f\u00e4hrt im H\u00fchnerstall Motorrad<\/div>\n<div>67. Meine Tante aus Marokko (Ik heb een tante in Marokko)<\/div>\n<div>68. My Bonnie Is Over The Ocean<\/div>\n<div>69. Morgen, Kinder, wird\u2019s was geben<\/div>\n<div>70. Nashorn, Elefant und Krokodil<\/div>\n<div>71. Nessaja<\/div>\n<div>72. Old Mac Donald Had A Farm<\/div>\n<div>73. Pinocchio<\/div>\n<div>74. Probier\u2019s mal mit Gem\u00fctlichkeit<\/div>\n<div>75. Row, Row, Row Your Boat<\/div>\n<div>\n<div>76. Rumba, Samba, Cha-cha-cha<\/div>\n<div>77. Rucki Zucki<\/div>\n<div>78. Schneefl\u00f6ckchen, Wei\u00dfr\u00f6ckchen<\/div>\n<div>79. Shalom Chaverim<\/div>\n<div>80. Seer\u00e4uber Opa Fabian<\/div>\n<div>81. Shaun, das Schaf<\/div>\n<div>82. Sur Le Pont d\u2019Avignon<\/div>\n<div>83. Sonne, liebe Sonne<\/div>\n<div>84. Stups, Der Kleine Osterhase<\/div>\n<div>85. Summ, summ, summ!<\/div>\n<div>86. Suse, liebe Suse, was raschelt im Stroh?<\/div>\n<div>87. Tabalugas Lied<\/div>\n<div>88. Tafiti<\/div>\n<div>89. Theo Theo<\/div>\n<div>90. Weil heute dein Geburtstag ist<\/div>\n<div>\n<div>91. Wenn der Elefant in die Disco geht<\/div>\n<div>92. Wenn du lustig bist, dann wackel mit dem Po!<\/div>\n<div>93. Wer will flei\u00dfige Handwerker sehn?<\/div>\n<div>94. Wie der Schnee<\/div>\n<div>95. Wie sch\u00f6n, dass du geboren bist<\/div>\n<div>96. Wo w\u00e4rn wir ohne Musik?<\/div>\n<div>97. Yellow Submarine<\/div>\n<div>98. Zeigt her eure F\u00fc\u00dfchen<\/div>\n<div>99. Zehn kleine Zappelm\u00e4nner<\/div>\n<div>100.<br \/>\nZwei kleine W\u00f6lfe <\/div>\n<\/div>\n<\/div>\n<\/div>\n<\/div>\n<\/div>\n<\/div>\n","protected":false},"excerpt":{"rendered":"<p>Niveau: 1,5 &nbsp; 1. 1, 2, 3 Im Sauseschritt 2. A, B, C, die Katze lief im Schnee 3. Abendgold 4. Aram sam sam 5. Alle V\u00f6gel sind schon da 6. Alle Meine Entchen 7. Anne Kaffeekanne 8. Atte katte nuwa 9. Auf einem Baum ein Kuckuck 10. Auf Der Mauer, Auf Der Lauer (In [&hellip;]<\/p>\n","protected":false},"featured_media":5090,"comment_status":"open","ping_status":"closed","template":"","meta":[],"product_brand":[],"product_cat":[87,86],"product_tag":[],"merken":[],"class_list":{"0":"post-5091","1":"product","2":"type-product","3":"status-publish","4":"has-post-thumbnail","6":"product_cat-accordeon-fr","7":"product_cat-partitions","9":"first","10":"instock","11":"taxable","12":"shipping-taxable","13":"purchasable","14":"product-type-simple"},"_links":{"self":[{"href":"https:\/\/muziek-karine.be\/fr\/wp-json\/wp\/v2\/product\/5091","targetHints":{"allow":["GET"]}}],"collection":[{"href":"https:\/\/muziek-karine.be\/fr\/wp-json\/wp\/v2\/product"}],"about":[{"href":"https:\/\/muziek-karine.be\/fr\/wp-json\/wp\/v2\/types\/product"}],"replies":[{"embeddable":true,"href":"https:\/\/muziek-karine.be\/fr\/wp-json\/wp\/v2\/comments?post=5091"}],"wp:featuredmedia":[{"embeddable":true,"href":"https:\/\/muziek-karine.be\/fr\/wp-json\/wp\/v2\/media\/5090"}],"wp:attachment":[{"href":"https:\/\/muziek-karine.be\/fr\/wp-json\/wp\/v2\/media?parent=5091"}],"wp:term":[{"taxonomy":"product_brand","embeddable":true,"href":"https:\/\/muziek-karine.be\/fr\/wp-json\/wp\/v2\/product_brand?post=5091"},{"taxonomy":"product_cat","embeddable":true,"href":"https:\/\/muziek-karine.be\/fr\/wp-json\/wp\/v2\/product_cat?post=5091"},{"taxonomy":"product_tag","embeddable":true,"href":"https:\/\/muziek-karine.be\/fr\/wp-json\/wp\/v2\/product_tag?post=5091"},{"taxonomy":"merken","embeddable":true,"href":"https:\/\/muziek-karine.be\/fr\/wp-json\/wp\/v2\/merken?post=5091"}],"curies":[{"name":"wp","href":"https:\/\/api.w.org\/{rel}","templated":true}]}}