{"id":5171,"date":"2024-11-28T16:39:37","date_gmt":"2024-11-28T16:39:37","guid":{"rendered":"https:\/\/muziek-karine.be\/product\/accordiola-piano-v-doccasion-e-2300\/"},"modified":"2024-11-28T16:39:37","modified_gmt":"2024-11-28T16:39:37","slug":"accordiola-piano-v-doccasion-e-2300","status":"publish","type":"product","link":"https:\/\/muziek-karine.be\/fr\/produit\/accordiola-piano-v-doccasion-e-2300\/","title":{"rendered":"Accordiola Piano V d&rsquo;occasion &#8211; \u20ac 2300"},"content":{"rendered":"<p>5 voix, basses internationales 3+3<\/p>\n<p>16 + 4! en bo\u00eete de r\u00e9sonance<\/p>\n<p>Musette 8+8+8 tr\u00e8s claire<br \/>\nIl n&rsquo; y a pas de compromis dans cet accord\u00e9on, il y a \u00e9t la bo\u00eete de r\u00e9sonance et la musette claire<br \/><\/p>\n","protected":false},"excerpt":{"rendered":"<p>5 voix, basses internationales 3+3 16 + 4! en bo\u00eete de r\u00e9sonance Musette 8+8+8 tr\u00e8s claire Il n&rsquo; y a pas de compromis dans cet accord\u00e9on, il y a \u00e9t la bo\u00eete de r\u00e9sonance et la musette claire<\/p>\n","protected":false},"featured_media":5170,"comment_status":"open","ping_status":"closed","template":"","meta":[],"product_brand":[],"product_cat":[],"product_tag":[],"merken":[],"class_list":{"0":"post-5171","1":"product","2":"type-product","3":"status-publish","4":"has-post-thumbnail","7":"first","8":"instock","9":"taxable","10":"shipping-taxable","11":"product-type-simple"},"_links":{"self":[{"href":"https:\/\/muziek-karine.be\/fr\/wp-json\/wp\/v2\/product\/5171","targetHints":{"allow":["GET"]}}],"collection":[{"href":"https:\/\/muziek-karine.be\/fr\/wp-json\/wp\/v2\/product"}],"about":[{"href":"https:\/\/muziek-karine.be\/fr\/wp-json\/wp\/v2\/types\/product"}],"replies":[{"embeddable":true,"href":"https:\/\/muziek-karine.be\/fr\/wp-json\/wp\/v2\/comments?post=5171"}],"wp:featuredmedia":[{"embeddable":true,"href":"https:\/\/muziek-karine.be\/fr\/wp-json\/wp\/v2\/media\/5170"}],"wp:attachment":[{"href":"https:\/\/muziek-karine.be\/fr\/wp-json\/wp\/v2\/media?parent=5171"}],"wp:term":[{"taxonomy":"product_brand","embeddable":true,"href":"https:\/\/muziek-karine.be\/fr\/wp-json\/wp\/v2\/product_brand?post=5171"},{"taxonomy":"product_cat","embeddable":true,"href":"https:\/\/muziek-karine.be\/fr\/wp-json\/wp\/v2\/product_cat?post=5171"},{"taxonomy":"product_tag","embeddable":true,"href":"https:\/\/muziek-karine.be\/fr\/wp-json\/wp\/v2\/product_tag?post=5171"},{"taxonomy":"merken","embeddable":true,"href":"https:\/\/muziek-karine.be\/fr\/wp-json\/wp\/v2\/merken?post=5171"}],"curies":[{"name":"wp","href":"https:\/\/api.w.org\/{rel}","templated":true}]}}