{"id":5368,"date":"2025-05-20T15:59:28","date_gmt":"2025-05-20T15:59:28","guid":{"rendered":"https:\/\/muziek-karine.be\/product\/armando-bugari-320j-doccasion-c-griff-do-1-e-4150\/"},"modified":"2025-05-20T15:59:28","modified_gmt":"2025-05-20T15:59:28","slug":"armando-bugari-320j-doccasion-c-griff-do-1-e-4150","status":"publish","type":"product","link":"https:\/\/muziek-karine.be\/fr\/produit\/armando-bugari-320j-doccasion-c-griff-do-1-e-4150\/","title":{"rendered":"Armando Bugari 320J d&rsquo;occasion &#8211; C-griff (do 1) &#8211; \u20ac 4150"},"content":{"rendered":"<p>Cet accord\u00e9on r\u00e9cent a eu un entretien avant vente dans notre atelier et vient avec une ann\u00e9e de garantie!<\/p>\n","protected":false},"excerpt":{"rendered":"<p>Cet accord\u00e9on r\u00e9cent a eu un entretien avant vente dans notre atelier et vient avec une ann\u00e9e de garantie!<\/p>\n","protected":false},"featured_media":5366,"comment_status":"open","ping_status":"closed","template":"","meta":[],"product_brand":[],"product_cat":[85],"product_tag":[],"merken":[121],"class_list":{"0":"post-5368","1":"product","2":"type-product","3":"status-publish","4":"has-post-thumbnail","6":"product_cat-doccasion","7":"merken-armando-bugari-fr","9":"first","10":"instock","11":"taxable","12":"shipping-taxable","13":"product-type-simple"},"_links":{"self":[{"href":"https:\/\/muziek-karine.be\/fr\/wp-json\/wp\/v2\/product\/5368","targetHints":{"allow":["GET"]}}],"collection":[{"href":"https:\/\/muziek-karine.be\/fr\/wp-json\/wp\/v2\/product"}],"about":[{"href":"https:\/\/muziek-karine.be\/fr\/wp-json\/wp\/v2\/types\/product"}],"replies":[{"embeddable":true,"href":"https:\/\/muziek-karine.be\/fr\/wp-json\/wp\/v2\/comments?post=5368"}],"wp:featuredmedia":[{"embeddable":true,"href":"https:\/\/muziek-karine.be\/fr\/wp-json\/wp\/v2\/media\/5366"}],"wp:attachment":[{"href":"https:\/\/muziek-karine.be\/fr\/wp-json\/wp\/v2\/media?parent=5368"}],"wp:term":[{"taxonomy":"product_brand","embeddable":true,"href":"https:\/\/muziek-karine.be\/fr\/wp-json\/wp\/v2\/product_brand?post=5368"},{"taxonomy":"product_cat","embeddable":true,"href":"https:\/\/muziek-karine.be\/fr\/wp-json\/wp\/v2\/product_cat?post=5368"},{"taxonomy":"product_tag","embeddable":true,"href":"https:\/\/muziek-karine.be\/fr\/wp-json\/wp\/v2\/product_tag?post=5368"},{"taxonomy":"merken","embeddable":true,"href":"https:\/\/muziek-karine.be\/fr\/wp-json\/wp\/v2\/merken?post=5368"}],"curies":[{"name":"wp","href":"https:\/\/api.w.org\/{rel}","templated":true}]}}