{"id":5736,"date":"2026-02-06T16:20:36","date_gmt":"2026-02-06T16:20:36","guid":{"rendered":"https:\/\/muziek-karine.be\/?post_type=product&#038;p=5736"},"modified":"2026-02-06T16:20:38","modified_gmt":"2026-02-06T16:20:38","slug":"die-tastenbande","status":"publish","type":"product","link":"https:\/\/muziek-karine.be\/fr\/produit\/die-tastenbande\/","title":{"rendered":"Die Tastenbande"},"content":{"rendered":"<p>Moeilijkheidsgraad: 1<\/p>\n<p>17 funny pieces in the expanded compass; finger setting underneath and overcrossed; keys: C-, F-, G-major &#8211; a perfect corresponding supplement for the accordion syllabus; to be continued with &lsquo;Die Tastenbande trifft sich wieder&rsquo;<\/p>\n<ul>\n<li>Hallo&#8230;<\/li>\n<li>New Jeans<\/li>\n<li>Beim Segeln<\/li>\n<li>Im Eiscaf\u00e9<\/li>\n<li>Der Einradfahrer<\/li>\n<li>Skip to my lou<\/li>\n<li>Meine G\u00e4ste<\/li>\n<li>A ram sam sam<\/li>\n<li>Monique und Pascal<\/li>\n<li>1, 2, 3 im Sauseschritt<\/li>\n<li>Morgensonne<\/li>\n<li>Red river valley<\/li>\n<li>Mein erster Ausritt<\/li>\n<li>Tasten-Fox<\/li>\n<li>Sp\u00e4tes Fr\u00fchst\u00fcck<\/li>\n<li>Eine Karussellfahrt<\/li>\n<li>Die Tastenbande(e)<\/li>\n<\/ul>\n","protected":false},"excerpt":{"rendered":"<p>Moeilijkheidsgraad: 1 17 funny pieces in the expanded compass; finger setting underneath and overcrossed; keys: C-, F-, G-major &#8211; a perfect corresponding supplement for the accordion syllabus; to be continued with &lsquo;Die Tastenbande trifft sich wieder&rsquo; Hallo&#8230; New Jeans Beim Segeln Im Eiscaf\u00e9 Der Einradfahrer Skip to my lou Meine G\u00e4ste A ram sam sam [&hellip;]<\/p>\n","protected":false},"featured_media":5737,"comment_status":"open","ping_status":"closed","template":"","meta":[],"product_brand":[],"product_cat":[87],"product_tag":[],"merken":[],"class_list":{"0":"post-5736","1":"product","2":"type-product","3":"status-publish","4":"has-post-thumbnail","6":"product_cat-accordeon-fr","8":"first","9":"instock","10":"taxable","11":"shipping-taxable","12":"purchasable","13":"product-type-simple"},"_links":{"self":[{"href":"https:\/\/muziek-karine.be\/fr\/wp-json\/wp\/v2\/product\/5736","targetHints":{"allow":["GET"]}}],"collection":[{"href":"https:\/\/muziek-karine.be\/fr\/wp-json\/wp\/v2\/product"}],"about":[{"href":"https:\/\/muziek-karine.be\/fr\/wp-json\/wp\/v2\/types\/product"}],"replies":[{"embeddable":true,"href":"https:\/\/muziek-karine.be\/fr\/wp-json\/wp\/v2\/comments?post=5736"}],"wp:featuredmedia":[{"embeddable":true,"href":"https:\/\/muziek-karine.be\/fr\/wp-json\/wp\/v2\/media\/5737"}],"wp:attachment":[{"href":"https:\/\/muziek-karine.be\/fr\/wp-json\/wp\/v2\/media?parent=5736"}],"wp:term":[{"taxonomy":"product_brand","embeddable":true,"href":"https:\/\/muziek-karine.be\/fr\/wp-json\/wp\/v2\/product_brand?post=5736"},{"taxonomy":"product_cat","embeddable":true,"href":"https:\/\/muziek-karine.be\/fr\/wp-json\/wp\/v2\/product_cat?post=5736"},{"taxonomy":"product_tag","embeddable":true,"href":"https:\/\/muziek-karine.be\/fr\/wp-json\/wp\/v2\/product_tag?post=5736"},{"taxonomy":"merken","embeddable":true,"href":"https:\/\/muziek-karine.be\/fr\/wp-json\/wp\/v2\/merken?post=5736"}],"curies":[{"name":"wp","href":"https:\/\/api.w.org\/{rel}","templated":true}]}}