{"id":5740,"date":"2026-02-06T16:23:44","date_gmt":"2026-02-06T16:23:44","guid":{"rendered":"https:\/\/muziek-karine.be\/?post_type=product&#038;p=5740"},"modified":"2026-02-06T16:26:17","modified_gmt":"2026-02-06T16:26:17","slug":"die-tastenbande-trifft-sich-wieder","status":"publish","type":"product","link":"https:\/\/muziek-karine.be\/fr\/produit\/die-tastenbande-trifft-sich-wieder\/","title":{"rendered":"Die Tastenbande trifft sich wieder"},"content":{"rendered":"<p>Moeilijkheidsgraad: 1-2<\/p>\n<p>The sequel to &lsquo;Die Tastenbande&rsquo; &#8211; 16 funny pieces; keys up to 2# and 2b; double stop and alternating bass; third bass and minor chords<\/p>\n<ul>\n<li>Shopping<\/li>\n<li>Neue Griffe, Griffig<\/li>\n<li>Gr\u00fc\u00dfe aus Texas<\/li>\n<li>Zauberei, Abends am See<\/li>\n<li>L\u00e4ssig<\/li>\n<li>Take this hammer<\/li>\n<li>Neue Skates<\/li>\n<li>Little brown Jug<\/li>\n<li>Stra\u00dfenfest<\/li>\n<li>Wechslerei<\/li>\n<li>Down by the riverside<\/li>\n<li>Vornehm<\/li>\n<li>L&rsquo;Accordeon<\/li>\n<li>It&rsquo;s Ragtime<\/li>\n<\/ul>\n","protected":false},"excerpt":{"rendered":"<p>Moeilijkheidsgraad: 1-2 The sequel to &lsquo;Die Tastenbande&rsquo; &#8211; 16 funny pieces; keys up to 2# and 2b; double stop and alternating bass; third bass and minor chords Shopping Neue Griffe, Griffig Gr\u00fc\u00dfe aus Texas Zauberei, Abends am See L\u00e4ssig Take this hammer Neue Skates Little brown Jug Stra\u00dfenfest Wechslerei Down by the riverside Vornehm L&rsquo;Accordeon [&hellip;]<\/p>\n","protected":false},"featured_media":5741,"comment_status":"open","ping_status":"closed","template":"","meta":[],"product_brand":[],"product_cat":[87],"product_tag":[],"merken":[],"class_list":{"0":"post-5740","1":"product","2":"type-product","3":"status-publish","4":"has-post-thumbnail","6":"product_cat-accordeon-fr","8":"first","9":"instock","10":"taxable","11":"shipping-taxable","12":"purchasable","13":"product-type-simple"},"_links":{"self":[{"href":"https:\/\/muziek-karine.be\/fr\/wp-json\/wp\/v2\/product\/5740","targetHints":{"allow":["GET"]}}],"collection":[{"href":"https:\/\/muziek-karine.be\/fr\/wp-json\/wp\/v2\/product"}],"about":[{"href":"https:\/\/muziek-karine.be\/fr\/wp-json\/wp\/v2\/types\/product"}],"replies":[{"embeddable":true,"href":"https:\/\/muziek-karine.be\/fr\/wp-json\/wp\/v2\/comments?post=5740"}],"wp:featuredmedia":[{"embeddable":true,"href":"https:\/\/muziek-karine.be\/fr\/wp-json\/wp\/v2\/media\/5741"}],"wp:attachment":[{"href":"https:\/\/muziek-karine.be\/fr\/wp-json\/wp\/v2\/media?parent=5740"}],"wp:term":[{"taxonomy":"product_brand","embeddable":true,"href":"https:\/\/muziek-karine.be\/fr\/wp-json\/wp\/v2\/product_brand?post=5740"},{"taxonomy":"product_cat","embeddable":true,"href":"https:\/\/muziek-karine.be\/fr\/wp-json\/wp\/v2\/product_cat?post=5740"},{"taxonomy":"product_tag","embeddable":true,"href":"https:\/\/muziek-karine.be\/fr\/wp-json\/wp\/v2\/product_tag?post=5740"},{"taxonomy":"merken","embeddable":true,"href":"https:\/\/muziek-karine.be\/fr\/wp-json\/wp\/v2\/merken?post=5740"}],"curies":[{"name":"wp","href":"https:\/\/api.w.org\/{rel}","templated":true}]}}