{"id":5807,"date":"2026-03-20T08:37:47","date_gmt":"2026-03-20T08:37:47","guid":{"rendered":"https:\/\/muziek-karine.be\/?post_type=product&#038;p=5807"},"modified":"2026-03-20T08:37:48","modified_gmt":"2026-03-20T08:37:48","slug":"top-aznavour","status":"publish","type":"product","link":"https:\/\/muziek-karine.be\/fr\/produit\/top-aznavour\/","title":{"rendered":"Top Aznavour"},"content":{"rendered":"<ul class=\"list-disc pl-6\">\n<li class=\"mt-4\">Comme ils disent<\/li>\n<li class=\"mt-4\">Emmenez-moi<\/li>\n<li class=\"mt-4\">Et pourtant<\/li>\n<li class=\"mt-4\">Il faut savoir<\/li>\n<li class=\"mt-4\">Je m&rsquo;voyais d\u00e9j\u00e0<\/li>\n<li class=\"mt-4\">La Boh\u00e8me<\/li>\n<li class=\"mt-4\">Les Plaisirs d\u00e9mod\u00e9s<\/li>\n<li class=\"mt-4\">Que c&rsquo;est triste Venise<\/li>\n<li class=\"mt-4\">Sur ma vie<\/li>\n<li class=\"mt-4\">Tu te laisses aller<\/li>\n<\/ul>\n","protected":false},"excerpt":{"rendered":"<p>Comme ils disent Emmenez-moi Et pourtant Il faut savoir Je m&rsquo;voyais d\u00e9j\u00e0 La Boh\u00e8me Les Plaisirs d\u00e9mod\u00e9s Que c&rsquo;est triste Venise Sur ma vie Tu te laisses aller<\/p>\n","protected":false},"featured_media":5808,"comment_status":"open","ping_status":"closed","template":"","meta":[],"product_brand":[],"product_cat":[23,34,36,35,37],"product_tag":[],"merken":[],"class_list":{"0":"post-5807","1":"product","2":"type-product","3":"status-publish","4":"has-post-thumbnail","6":"product_cat-boeken","7":"product_cat-accordeon","8":"product_cat-gitaar","9":"product_cat-keyboard","10":"product_cat-piano","12":"first","13":"instock","14":"taxable","15":"shipping-taxable","16":"purchasable","17":"product-type-simple"},"_links":{"self":[{"href":"https:\/\/muziek-karine.be\/fr\/wp-json\/wp\/v2\/product\/5807","targetHints":{"allow":["GET"]}}],"collection":[{"href":"https:\/\/muziek-karine.be\/fr\/wp-json\/wp\/v2\/product"}],"about":[{"href":"https:\/\/muziek-karine.be\/fr\/wp-json\/wp\/v2\/types\/product"}],"replies":[{"embeddable":true,"href":"https:\/\/muziek-karine.be\/fr\/wp-json\/wp\/v2\/comments?post=5807"}],"wp:featuredmedia":[{"embeddable":true,"href":"https:\/\/muziek-karine.be\/fr\/wp-json\/wp\/v2\/media\/5808"}],"wp:attachment":[{"href":"https:\/\/muziek-karine.be\/fr\/wp-json\/wp\/v2\/media?parent=5807"}],"wp:term":[{"taxonomy":"product_brand","embeddable":true,"href":"https:\/\/muziek-karine.be\/fr\/wp-json\/wp\/v2\/product_brand?post=5807"},{"taxonomy":"product_cat","embeddable":true,"href":"https:\/\/muziek-karine.be\/fr\/wp-json\/wp\/v2\/product_cat?post=5807"},{"taxonomy":"product_tag","embeddable":true,"href":"https:\/\/muziek-karine.be\/fr\/wp-json\/wp\/v2\/product_tag?post=5807"},{"taxonomy":"merken","embeddable":true,"href":"https:\/\/muziek-karine.be\/fr\/wp-json\/wp\/v2\/merken?post=5807"}],"curies":[{"name":"wp","href":"https:\/\/api.w.org\/{rel}","templated":true}]}}