{"id":5822,"date":"2026-03-20T09:04:28","date_gmt":"2026-03-20T09:04:28","guid":{"rendered":"https:\/\/muziek-karine.be\/?post_type=product&#038;p=5822"},"modified":"2026-03-20T09:04:29","modified_gmt":"2026-03-20T09:04:29","slug":"stefan-kokaly-akkordeon-zaubereien","status":"publish","type":"product","link":"https:\/\/muziek-karine.be\/fr\/produit\/stefan-kokaly-akkordeon-zaubereien\/","title":{"rendered":"Stefan Kokaly &#8211; Akkordeon Zaubereien"},"content":{"rendered":"<p>Accordeon magin &#8211; 10 original compositions<\/p>\n<ul class=\"list-disc pl-6\">\n<li class=\"mt-4\">Heinzelm\u00e4nnchen<\/li>\n<li class=\"mt-4\">Spitzent\u00e4nzerin<\/li>\n<li class=\"mt-4\">Zarte Bl\u00fcten<\/li>\n<li class=\"mt-4\">Rumpelstilzchen<\/li>\n<li class=\"mt-4\">Edelwei\u00df<\/li>\n<li class=\"mt-4\">Akkordeon-Neckereien<\/li>\n<li class=\"mt-4\">Tanz der Schmetterlinge<\/li>\n<li class=\"mt-4\">Harmonika-Tricks<\/li>\n<li class=\"mt-4\">Bauernmadl<\/li>\n<li class=\"mt-4\">Akkordeon-Freunde<\/li>\n<\/ul>\n","protected":false},"excerpt":{"rendered":"<p>Accordeon magin &#8211; 10 original compositions Heinzelm\u00e4nnchen Spitzent\u00e4nzerin Zarte Bl\u00fcten Rumpelstilzchen Edelwei\u00df Akkordeon-Neckereien Tanz der Schmetterlinge Harmonika-Tricks Bauernmadl Akkordeon-Freunde<\/p>\n","protected":false},"featured_media":5823,"comment_status":"open","ping_status":"closed","template":"","meta":[],"product_brand":[],"product_cat":[23,34],"product_tag":[],"merken":[],"class_list":{"0":"post-5822","1":"product","2":"type-product","3":"status-publish","4":"has-post-thumbnail","6":"product_cat-boeken","7":"product_cat-accordeon","9":"first","10":"instock","11":"taxable","12":"shipping-taxable","13":"purchasable","14":"product-type-simple"},"_links":{"self":[{"href":"https:\/\/muziek-karine.be\/fr\/wp-json\/wp\/v2\/product\/5822","targetHints":{"allow":["GET"]}}],"collection":[{"href":"https:\/\/muziek-karine.be\/fr\/wp-json\/wp\/v2\/product"}],"about":[{"href":"https:\/\/muziek-karine.be\/fr\/wp-json\/wp\/v2\/types\/product"}],"replies":[{"embeddable":true,"href":"https:\/\/muziek-karine.be\/fr\/wp-json\/wp\/v2\/comments?post=5822"}],"wp:featuredmedia":[{"embeddable":true,"href":"https:\/\/muziek-karine.be\/fr\/wp-json\/wp\/v2\/media\/5823"}],"wp:attachment":[{"href":"https:\/\/muziek-karine.be\/fr\/wp-json\/wp\/v2\/media?parent=5822"}],"wp:term":[{"taxonomy":"product_brand","embeddable":true,"href":"https:\/\/muziek-karine.be\/fr\/wp-json\/wp\/v2\/product_brand?post=5822"},{"taxonomy":"product_cat","embeddable":true,"href":"https:\/\/muziek-karine.be\/fr\/wp-json\/wp\/v2\/product_cat?post=5822"},{"taxonomy":"product_tag","embeddable":true,"href":"https:\/\/muziek-karine.be\/fr\/wp-json\/wp\/v2\/product_tag?post=5822"},{"taxonomy":"merken","embeddable":true,"href":"https:\/\/muziek-karine.be\/fr\/wp-json\/wp\/v2\/merken?post=5822"}],"curies":[{"name":"wp","href":"https:\/\/api.w.org\/{rel}","templated":true}]}}