{"id":765,"date":"2022-10-05T11:33:32","date_gmt":"2022-10-05T11:33:32","guid":{"rendered":"https:\/\/muziek-karine.be\/?post_type=product&#038;p=765"},"modified":"2024-03-17T02:01:49","modified_gmt":"2024-03-17T02:01:49","slug":"vive-la-france-fur-klavier-2","status":"publish","type":"product","link":"https:\/\/muziek-karine.be\/fr\/produit\/vive-la-france-fur-klavier-2\/","title":{"rendered":"Vive la france f\u00fcr Klavier"},"content":{"rendered":"<p>Moeilijkheidsgraad: 2-3<\/p>\n<p>Voor piano, keyboard, accordeon of gitaar.<\/p>\n<p>Teksten staan boven de melodie geschreven.<\/p>\n<p>Inhoudstafel:<\/p>\n<ol>\n<li>Accord\u00e9on &#8211; Juliette Gr\u00e9co<\/li>\n<li>Amsterdam &#8211; Jacques Brel<\/li>\n<li>Comptine d&rsquo;un autre \u00e9t\u00e9: l&rsquo;apr\u00e8s-midi &#8211; Yann Tiersen<\/li>\n<li>Comptine d&rsquo;\u00e9t\u00e9 n\u00b02 &#8211; Yann Tiersen<\/li>\n<li>Domino &#8211; Louis Ferrari<\/li>\n<li>Ella, ell l&rsquo;a &#8211; France Gall<\/li>\n<li>Je veux &#8211; Zaz<\/li>\n<li>Joe le taxi &#8211; Vanessa Paradis<\/li>\n<li>La vie en rose &#8211; Edith Piaf<\/li>\n<li>Le moulin &#8211; Yann Tiersen<\/li>\n<li>Mademoiselle chante le blues &#8211; Patricia Kaas<\/li>\n<li>Milord &#8211; Edith Piaf<\/li>\n<li>Nathalie &#8211; Gilbert B\u00e9caud<\/li>\n<li>Padam, padam &#8211; Edith Piaf<\/li>\n<li>Promenade Sentimentale &#8211; Soundtrack of &lsquo;Diva&rsquo;<\/li>\n<li>Qu\u00e9 vendr\u00e1 &#8211; Zaz<\/li>\n<li>Sous le ciel de Paris &#8211; Yves Montand<\/li>\n<li>Sous les ponts de Paris &#8211; Lucienne Deyle<\/li>\n<li>Trois petites notes de musique &#8211; Yves Montand<\/li>\n<li>Vois sur ton chemin &#8211; uit &lsquo;die Kinder des Monsieur Mathieu&rsquo;<\/li>\n<\/ol>\n","protected":false},"excerpt":{"rendered":"<p>Vive la france f\u00fcr Klavier<\/p>\n","protected":false},"featured_media":766,"comment_status":"open","ping_status":"closed","template":"","meta":[],"product_brand":[],"product_cat":[87,86,91,90,88],"product_tag":[],"merken":[],"class_list":{"0":"post-765","1":"product","2":"type-product","3":"status-publish","4":"has-post-thumbnail","6":"product_cat-accordeon-fr","7":"product_cat-partitions","8":"product_cat-guitare","9":"product_cat-clavier","10":"product_cat-piano-fr","12":"first","13":"instock","14":"taxable","15":"shipping-taxable","16":"purchasable","17":"product-type-simple"},"_links":{"self":[{"href":"https:\/\/muziek-karine.be\/fr\/wp-json\/wp\/v2\/product\/765","targetHints":{"allow":["GET"]}}],"collection":[{"href":"https:\/\/muziek-karine.be\/fr\/wp-json\/wp\/v2\/product"}],"about":[{"href":"https:\/\/muziek-karine.be\/fr\/wp-json\/wp\/v2\/types\/product"}],"replies":[{"embeddable":true,"href":"https:\/\/muziek-karine.be\/fr\/wp-json\/wp\/v2\/comments?post=765"}],"wp:featuredmedia":[{"embeddable":true,"href":"https:\/\/muziek-karine.be\/fr\/wp-json\/wp\/v2\/media\/766"}],"wp:attachment":[{"href":"https:\/\/muziek-karine.be\/fr\/wp-json\/wp\/v2\/media?parent=765"}],"wp:term":[{"taxonomy":"product_brand","embeddable":true,"href":"https:\/\/muziek-karine.be\/fr\/wp-json\/wp\/v2\/product_brand?post=765"},{"taxonomy":"product_cat","embeddable":true,"href":"https:\/\/muziek-karine.be\/fr\/wp-json\/wp\/v2\/product_cat?post=765"},{"taxonomy":"product_tag","embeddable":true,"href":"https:\/\/muziek-karine.be\/fr\/wp-json\/wp\/v2\/product_tag?post=765"},{"taxonomy":"merken","embeddable":true,"href":"https:\/\/muziek-karine.be\/fr\/wp-json\/wp\/v2\/merken?post=765"}],"curies":[{"name":"wp","href":"https:\/\/api.w.org\/{rel}","templated":true}]}}