{"id":873,"date":"2022-10-31T20:15:35","date_gmt":"2022-10-31T20:15:35","guid":{"rendered":"https:\/\/muziek-karine.be\/?post_type=product&#038;p=873"},"modified":"2022-12-08T16:51:21","modified_gmt":"2022-12-08T16:51:21","slug":"kleine-weltreise-1","status":"publish","type":"product","link":"https:\/\/muziek-karine.be\/fr\/produit\/kleine-weltreise-1\/","title":{"rendered":"Kleine Weltreise 1"},"content":{"rendered":"<p>Moeilijkheidsgraad: 2<\/p>\n<ol>\n<li>Bitte einsteigen<\/li>\n<li>Gute Reise<\/li>\n<li>Die erste Rast<\/li>\n<li>Unterwegs<\/li>\n<li>Reisefieber<\/li>\n<li>Schweres Gep\u00e4ck<\/li>\n<li>Am Zoll<\/li>\n<li>Pass-Kontrolle<\/li>\n<li>Regenwetter<\/li>\n<li>Am Wegweiser<\/li>\n<li>Der Sonne entgegen<\/li>\n<li>In Italien<\/li>\n<li>Kleiner Esel Beppo<\/li>\n<li>T\u00e4nzchen mit Marinella<\/li>\n<li>Abschied vom S\u00fcden<\/li>\n<li>Land in Sicht<\/li>\n<li>K\u00e4pt`n Brass<\/li>\n<li>An der Reeling<\/li>\n<li>Ein guter Fang<\/li>\n<li>Auf hoher See<\/li>\n<li>Kleine Fische<\/li>\n<li>Die Fahrt geht weiter<\/li>\n<li>Antje, kleines Hollandm\u00e4dchen<\/li>\n<li>Auf der Autobahn<\/li>\n<li>Picknick am Waldesrand<\/li>\n<li>Spaziergang in den Bergen<\/li>\n<li>M\u00fcnchner Bua<\/li>\n<li>Im Sonnenschein<\/li>\n<li>Bei Piroschka<\/li>\n<li>Am Lagerfeuer<\/li>\n<li>Tanz an der Moskwa<\/li>\n<li>Die Reise im Ballon<\/li>\n<li>\u00fcber einer grossen Stadt<\/li>\n<li>Herrliche Aussicht<\/li>\n<li>Gr\u00fcsse aus Spanien<\/li>\n<li>Bunte Ansichtskarten<\/li>\n<li>Kleine Erfrischung<\/li>\n<li>Schwierige Strecke<\/li>\n<li>Im D-Zug<\/li>\n<li>Dem Ziel entgegen<\/li>\n<li>Endstation<\/li>\n<\/ol>\n","protected":false},"excerpt":{"rendered":"<p>Moeilijkheidsgraad: 2 Bitte einsteigen Gute Reise Die erste Rast Unterwegs Reisefieber Schweres Gep\u00e4ck Am Zoll Pass-Kontrolle Regenwetter Am Wegweiser Der Sonne entgegen In Italien Kleiner Esel Beppo T\u00e4nzchen mit Marinella Abschied vom S\u00fcden Land in Sicht K\u00e4pt`n Brass An der Reeling Ein guter Fang Auf hoher See Kleine Fische Die Fahrt geht weiter Antje, kleines [&hellip;]<\/p>\n","protected":false},"featured_media":874,"comment_status":"open","ping_status":"closed","template":"","meta":[],"product_brand":[],"product_cat":[87,86],"product_tag":[],"merken":[],"class_list":{"0":"post-873","1":"product","2":"type-product","3":"status-publish","4":"has-post-thumbnail","6":"product_cat-accordeon-fr","7":"product_cat-partitions","9":"first","10":"instock","11":"taxable","12":"shipping-taxable","13":"purchasable","14":"product-type-simple"},"_links":{"self":[{"href":"https:\/\/muziek-karine.be\/fr\/wp-json\/wp\/v2\/product\/873","targetHints":{"allow":["GET"]}}],"collection":[{"href":"https:\/\/muziek-karine.be\/fr\/wp-json\/wp\/v2\/product"}],"about":[{"href":"https:\/\/muziek-karine.be\/fr\/wp-json\/wp\/v2\/types\/product"}],"replies":[{"embeddable":true,"href":"https:\/\/muziek-karine.be\/fr\/wp-json\/wp\/v2\/comments?post=873"}],"wp:featuredmedia":[{"embeddable":true,"href":"https:\/\/muziek-karine.be\/fr\/wp-json\/wp\/v2\/media\/874"}],"wp:attachment":[{"href":"https:\/\/muziek-karine.be\/fr\/wp-json\/wp\/v2\/media?parent=873"}],"wp:term":[{"taxonomy":"product_brand","embeddable":true,"href":"https:\/\/muziek-karine.be\/fr\/wp-json\/wp\/v2\/product_brand?post=873"},{"taxonomy":"product_cat","embeddable":true,"href":"https:\/\/muziek-karine.be\/fr\/wp-json\/wp\/v2\/product_cat?post=873"},{"taxonomy":"product_tag","embeddable":true,"href":"https:\/\/muziek-karine.be\/fr\/wp-json\/wp\/v2\/product_tag?post=873"},{"taxonomy":"merken","embeddable":true,"href":"https:\/\/muziek-karine.be\/fr\/wp-json\/wp\/v2\/merken?post=873"}],"curies":[{"name":"wp","href":"https:\/\/api.w.org\/{rel}","templated":true}]}}