{"id":877,"date":"2022-10-31T20:21:24","date_gmt":"2022-10-31T20:21:24","guid":{"rendered":"https:\/\/muziek-karine.be\/?post_type=product&#038;p=877"},"modified":"2022-10-31T20:32:42","modified_gmt":"2022-10-31T20:32:42","slug":"kleine-weltreise-2","status":"publish","type":"product","link":"https:\/\/muziek-karine.be\/fr\/produit\/kleine-weltreise-2\/","title":{"rendered":"Kleine Weltreise 2"},"content":{"rendered":"<p>Tweede stem apart leverbaar.<\/p>\n<p>Moeilijkheidsgraad: 2<\/p>\n<ol>\n<li>Unterwegs zu neuen Abenteuern<\/li>\n<li>Ferienfreuden<\/li>\n<li>Strandbummel<\/li>\n<li>Das Haus am Meer<\/li>\n<li>Bei Wind und Wetter<\/li>\n<li>Im D\u00fcsen-Jet<\/li>\n<li>Ein gro\u00dfer Spa\u00df<\/li>\n<li>Der Pilot<\/li>\n<li>Die Stewarde\u00df<\/li>\n<li>Zwischenlandung<\/li>\n<li>Der Treffpunkt<\/li>\n<li>Bei guten Freunden<\/li>\n<li>Am Flughafen<\/li>\n<li>\u00dcber den Wolken<\/li>\n<li>Heimweh<\/li>\n<li>Wieder daheim<\/li>\n<\/ol>\n","protected":false},"excerpt":{"rendered":"<p>Tweede stem apart leverbaar. Moeilijkheidsgraad: 2 Unterwegs zu neuen Abenteuern Ferienfreuden Strandbummel Das Haus am Meer Bei Wind und Wetter Im D\u00fcsen-Jet Ein gro\u00dfer Spa\u00df Der Pilot Die Stewarde\u00df Zwischenlandung Der Treffpunkt Bei guten Freunden Am Flughafen \u00dcber den Wolken Heimweh Wieder daheim<\/p>\n","protected":false},"featured_media":878,"comment_status":"open","ping_status":"closed","template":"","meta":[],"product_brand":[],"product_cat":[23,34],"product_tag":[],"merken":[],"class_list":{"0":"post-877","1":"product","2":"type-product","3":"status-publish","4":"has-post-thumbnail","6":"product_cat-boeken","7":"product_cat-accordeon","9":"first","10":"instock","11":"taxable","12":"shipping-taxable","13":"purchasable","14":"product-type-simple"},"_links":{"self":[{"href":"https:\/\/muziek-karine.be\/fr\/wp-json\/wp\/v2\/product\/877","targetHints":{"allow":["GET"]}}],"collection":[{"href":"https:\/\/muziek-karine.be\/fr\/wp-json\/wp\/v2\/product"}],"about":[{"href":"https:\/\/muziek-karine.be\/fr\/wp-json\/wp\/v2\/types\/product"}],"replies":[{"embeddable":true,"href":"https:\/\/muziek-karine.be\/fr\/wp-json\/wp\/v2\/comments?post=877"}],"wp:featuredmedia":[{"embeddable":true,"href":"https:\/\/muziek-karine.be\/fr\/wp-json\/wp\/v2\/media\/878"}],"wp:attachment":[{"href":"https:\/\/muziek-karine.be\/fr\/wp-json\/wp\/v2\/media?parent=877"}],"wp:term":[{"taxonomy":"product_brand","embeddable":true,"href":"https:\/\/muziek-karine.be\/fr\/wp-json\/wp\/v2\/product_brand?post=877"},{"taxonomy":"product_cat","embeddable":true,"href":"https:\/\/muziek-karine.be\/fr\/wp-json\/wp\/v2\/product_cat?post=877"},{"taxonomy":"product_tag","embeddable":true,"href":"https:\/\/muziek-karine.be\/fr\/wp-json\/wp\/v2\/product_tag?post=877"},{"taxonomy":"merken","embeddable":true,"href":"https:\/\/muziek-karine.be\/fr\/wp-json\/wp\/v2\/merken?post=877"}],"curies":[{"name":"wp","href":"https:\/\/api.w.org\/{rel}","templated":true}]}}