{"id":887,"date":"2022-10-31T20:30:04","date_gmt":"2022-10-31T20:30:04","guid":{"rendered":"https:\/\/muziek-karine.be\/?post_type=product&#038;p=887"},"modified":"2022-10-31T20:31:48","modified_gmt":"2022-10-31T20:31:48","slug":"methode-daccordeon-debutants-maugain","status":"publish","type":"product","link":"https:\/\/muziek-karine.be\/fr\/produit\/methode-daccordeon-debutants-maugain\/","title":{"rendered":"M\u00e9thode d&rsquo;accord\u00e9on d\u00e9butants (Maugain)"},"content":{"rendered":"<p>Beginnerscursus do eerste rij, internationale bassen, franse taal. CD apart verkrijgbaar.<\/p>\n<p><em>Do premi\u00e8re rang\u00e9e, basses internationales. CD en option.<\/em><\/p>\n","protected":false},"excerpt":{"rendered":"<p>Beginnerscursus do eerste rij, internationale bassen, franse taal. CD apart verkrijgbaar. Do premi\u00e8re rang\u00e9e, basses internationales. CD en option.<\/p>\n","protected":false},"featured_media":888,"comment_status":"open","ping_status":"closed","template":"","meta":[],"product_brand":[],"product_cat":[23,34],"product_tag":[],"merken":[],"class_list":{"0":"post-887","1":"product","2":"type-product","3":"status-publish","4":"has-post-thumbnail","6":"product_cat-boeken","7":"product_cat-accordeon","9":"first","10":"instock","11":"taxable","12":"shipping-taxable","13":"purchasable","14":"product-type-simple"},"_links":{"self":[{"href":"https:\/\/muziek-karine.be\/fr\/wp-json\/wp\/v2\/product\/887","targetHints":{"allow":["GET"]}}],"collection":[{"href":"https:\/\/muziek-karine.be\/fr\/wp-json\/wp\/v2\/product"}],"about":[{"href":"https:\/\/muziek-karine.be\/fr\/wp-json\/wp\/v2\/types\/product"}],"replies":[{"embeddable":true,"href":"https:\/\/muziek-karine.be\/fr\/wp-json\/wp\/v2\/comments?post=887"}],"wp:featuredmedia":[{"embeddable":true,"href":"https:\/\/muziek-karine.be\/fr\/wp-json\/wp\/v2\/media\/888"}],"wp:attachment":[{"href":"https:\/\/muziek-karine.be\/fr\/wp-json\/wp\/v2\/media?parent=887"}],"wp:term":[{"taxonomy":"product_brand","embeddable":true,"href":"https:\/\/muziek-karine.be\/fr\/wp-json\/wp\/v2\/product_brand?post=887"},{"taxonomy":"product_cat","embeddable":true,"href":"https:\/\/muziek-karine.be\/fr\/wp-json\/wp\/v2\/product_cat?post=887"},{"taxonomy":"product_tag","embeddable":true,"href":"https:\/\/muziek-karine.be\/fr\/wp-json\/wp\/v2\/product_tag?post=887"},{"taxonomy":"merken","embeddable":true,"href":"https:\/\/muziek-karine.be\/fr\/wp-json\/wp\/v2\/merken?post=887"}],"curies":[{"name":"wp","href":"https:\/\/api.w.org\/{rel}","templated":true}]}}