{"id":890,"date":"2022-11-01T21:44:18","date_gmt":"2022-11-01T21:44:18","guid":{"rendered":"https:\/\/muziek-karine.be\/?post_type=product&#038;p=890"},"modified":"2024-03-17T02:01:56","modified_gmt":"2024-03-17T02:01:56","slug":"methode-complete-daccordeon-galliano-inclusief-cd","status":"publish","type":"product","link":"https:\/\/muziek-karine.be\/fr\/produit\/methode-complete-daccordeon-galliano-inclusief-cd\/","title":{"rendered":"M\u00e9thode compl\u00e8te d&rsquo;accord\u00e9on (Galliano) (inclusief CD)"},"content":{"rendered":"<p>Cursus voor pianoklavier en do eerste rij, franse taal. Inclusief CD.<\/p>\n<p><em>M\u00e9thode pour clavier piano et do premi\u00e8re rang\u00e9e, basses internationales. CD inclus<\/em><\/p>\n","protected":false},"excerpt":{"rendered":"<p>Cursus voor pianoklavier en do eerste rij, franse taal. Inclusief CD. M\u00e9thode pour clavier piano et do premi\u00e8re rang\u00e9e, basses internationales. CD inclus<\/p>\n","protected":false},"featured_media":891,"comment_status":"open","ping_status":"closed","template":"","meta":[],"product_brand":[],"product_cat":[86,87],"product_tag":[],"merken":[],"class_list":{"0":"post-890","1":"product","2":"type-product","3":"status-publish","4":"has-post-thumbnail","6":"product_cat-partitions","7":"product_cat-accordeon-fr","9":"first","10":"instock","11":"taxable","12":"shipping-taxable","13":"purchasable","14":"product-type-simple"},"_links":{"self":[{"href":"https:\/\/muziek-karine.be\/fr\/wp-json\/wp\/v2\/product\/890","targetHints":{"allow":["GET"]}}],"collection":[{"href":"https:\/\/muziek-karine.be\/fr\/wp-json\/wp\/v2\/product"}],"about":[{"href":"https:\/\/muziek-karine.be\/fr\/wp-json\/wp\/v2\/types\/product"}],"replies":[{"embeddable":true,"href":"https:\/\/muziek-karine.be\/fr\/wp-json\/wp\/v2\/comments?post=890"}],"wp:featuredmedia":[{"embeddable":true,"href":"https:\/\/muziek-karine.be\/fr\/wp-json\/wp\/v2\/media\/891"}],"wp:attachment":[{"href":"https:\/\/muziek-karine.be\/fr\/wp-json\/wp\/v2\/media?parent=890"}],"wp:term":[{"taxonomy":"product_brand","embeddable":true,"href":"https:\/\/muziek-karine.be\/fr\/wp-json\/wp\/v2\/product_brand?post=890"},{"taxonomy":"product_cat","embeddable":true,"href":"https:\/\/muziek-karine.be\/fr\/wp-json\/wp\/v2\/product_cat?post=890"},{"taxonomy":"product_tag","embeddable":true,"href":"https:\/\/muziek-karine.be\/fr\/wp-json\/wp\/v2\/product_tag?post=890"},{"taxonomy":"merken","embeddable":true,"href":"https:\/\/muziek-karine.be\/fr\/wp-json\/wp\/v2\/merken?post=890"}],"curies":[{"name":"wp","href":"https:\/\/api.w.org\/{rel}","templated":true}]}}