{"id":968,"date":"2022-11-08T14:09:32","date_gmt":"2022-11-08T14:09:32","guid":{"rendered":"https:\/\/muziek-karine.be\/?post_type=product&#038;p=968"},"modified":"2022-12-07T11:52:59","modified_gmt":"2022-12-07T11:52:59","slug":"bonjour-paris-inclusief-cd","status":"publish","type":"product","link":"https:\/\/muziek-karine.be\/fr\/produit\/bonjour-paris-inclusief-cd\/","title":{"rendered":"Bonjour Paris (inclusief CD)"},"content":{"rendered":"<p>Eenvoudige musettes voor \u00e9\u00e9n of twee accordeons.<\/p>\n<p>Moeilijkheidsgraad: 2<\/p>\n<p>Moeilijkheidsgraad tweede stem: 1<\/p>\n<ol>\n<li>Bonjour Paris<\/li>\n<li>Boulevard des capucines<\/li>\n<li>Caf\u00e9 cr\u00eame<\/li>\n<li>Chez Gaston<\/li>\n<li>Comme ci, comme \u00e7a<\/li>\n<li>La belle H\u00e9l\u00e8ne<\/li>\n<li>Le Grand JoJo<\/li>\n<li>March\u00e9 aux puces<\/li>\n<li>Montmartre<\/li>\n<li>Soir\u00e9e musette<\/li>\n<\/ol>\n","protected":false},"excerpt":{"rendered":"<p>Eenvoudige musettes voor \u00e9\u00e9n of twee accordeons. Moeilijkheidsgraad: 2 Moeilijkheidsgraad tweede stem: 1 Bonjour Paris Boulevard des capucines Caf\u00e9 cr\u00eame Chez Gaston Comme ci, comme \u00e7a La belle H\u00e9l\u00e8ne Le Grand JoJo March\u00e9 aux puces Montmartre Soir\u00e9e musette<\/p>\n","protected":false},"featured_media":969,"comment_status":"open","ping_status":"closed","template":"","meta":[],"product_brand":[],"product_cat":[34,23],"product_tag":[],"merken":[],"class_list":{"0":"post-968","1":"product","2":"type-product","3":"status-publish","4":"has-post-thumbnail","6":"product_cat-accordeon","7":"product_cat-boeken","9":"first","10":"instock","11":"taxable","12":"shipping-taxable","13":"purchasable","14":"product-type-simple"},"_links":{"self":[{"href":"https:\/\/muziek-karine.be\/fr\/wp-json\/wp\/v2\/product\/968","targetHints":{"allow":["GET"]}}],"collection":[{"href":"https:\/\/muziek-karine.be\/fr\/wp-json\/wp\/v2\/product"}],"about":[{"href":"https:\/\/muziek-karine.be\/fr\/wp-json\/wp\/v2\/types\/product"}],"replies":[{"embeddable":true,"href":"https:\/\/muziek-karine.be\/fr\/wp-json\/wp\/v2\/comments?post=968"}],"wp:featuredmedia":[{"embeddable":true,"href":"https:\/\/muziek-karine.be\/fr\/wp-json\/wp\/v2\/media\/969"}],"wp:attachment":[{"href":"https:\/\/muziek-karine.be\/fr\/wp-json\/wp\/v2\/media?parent=968"}],"wp:term":[{"taxonomy":"product_brand","embeddable":true,"href":"https:\/\/muziek-karine.be\/fr\/wp-json\/wp\/v2\/product_brand?post=968"},{"taxonomy":"product_cat","embeddable":true,"href":"https:\/\/muziek-karine.be\/fr\/wp-json\/wp\/v2\/product_cat?post=968"},{"taxonomy":"product_tag","embeddable":true,"href":"https:\/\/muziek-karine.be\/fr\/wp-json\/wp\/v2\/product_tag?post=968"},{"taxonomy":"merken","embeddable":true,"href":"https:\/\/muziek-karine.be\/fr\/wp-json\/wp\/v2\/merken?post=968"}],"curies":[{"name":"wp","href":"https:\/\/api.w.org\/{rel}","templated":true}]}}